{"id":1927,"date":"2020-10-23T00:18:07","date_gmt":"2020-10-23T00:18:07","guid":{"rendered":"https:\/\/vinos-delicias.softblue.es\/?page_id=1927"},"modified":"2022-01-13T17:19:41","modified_gmt":"2022-01-13T17:19:41","slug":"la-trastienda","status":"publish","type":"page","link":"https:\/\/www.vinos-delicias.com\/en\/la-trastienda\/","title":{"rendered":"La Trastienda"},"content":{"rendered":"\t\t<div data-elementor-type=\"wp-page\" data-elementor-id=\"1927\" class=\"elementor elementor-1927\">\n\t\t\t\t\t\t<section class=\"elementor-section elementor-top-section elementor-element elementor-element-161bdbf elementor-section-boxed elementor-section-height-default elementor-section-height-default\" data-id=\"161bdbf\" data-element_type=\"section\" data-e-type=\"section\">\n\t\t\t\t\t\t<div class=\"elementor-container elementor-column-gap-default\">\n\t\t\t\t\t<div class=\"elementor-column elementor-col-100 elementor-top-column elementor-element elementor-element-6ca75d6\" data-id=\"6ca75d6\" data-element_type=\"column\" data-e-type=\"column\">\n\t\t\t<div class=\"elementor-widget-wrap\">\n\t\t\t\t\t\t\t<\/div>\n\t\t<\/div>\n\t\t\t\t\t<\/div>\n\t\t<\/section>\n\t\t\t\t<section class=\"elementor-section elementor-top-section elementor-element elementor-element-445fe52 elementor-section-stretched elementor-hidden-phone elementor-section-boxed elementor-section-height-default elementor-section-height-default\" data-id=\"445fe52\" data-element_type=\"section\" data-e-type=\"section\" data-settings=\"{&quot;stretch_section&quot;:&quot;section-stretched&quot;,&quot;background_background&quot;:&quot;classic&quot;,&quot;shape_divider_top&quot;:&quot;wave-brush&quot;}\">\n\t\t\t\t\t<div class=\"elementor-shape elementor-shape-top\" aria-hidden=\"true\" data-negative=\"false\">\n\t\t\t<svg xmlns=\"http:\/\/www.w3.org\/2000\/svg\" viewBox=\"0 0 283.5 27.8\" preserveAspectRatio=\"none\">\n\t<path class=\"elementor-shape-fill\" d=\"M283.5,9.7c0,0-7.3,4.3-14,4.6c-6.8,0.3-12.6,0-20.9-1.5c-11.3-2-33.1-10.1-44.7-5.7\ts-12.1,4.6-18,7.4c-6.6,3.2-20,9.6-36.6,9.3C131.6,23.5,99.5,7.2,86.3,8c-1.4,0.1-6.6,0.8-10.5,2c-3.8,1.2-9.4,3.8-17,4.7\tc-3.2,0.4-8.3,1.1-14.2,0.9c-1.5-0.1-6.3-0.4-12-1.6c-5.7-1.2-11-3.1-15.8-3.7C6.5,9.2,0,10.8,0,10.8V0h283.5V9.7z M260.8,11.3\tc-0.7-1-2-0.4-4.3-0.4c-2.3,0-6.1-1.2-5.8-1.1c0.3,0.1,3.1,1.5,6,1.9C259.7,12.2,261.4,12.3,260.8,11.3z M242.4,8.6\tc0,0-2.4-0.2-5.6-0.9c-3.2-0.8-10.3-2.8-15.1-3.5c-8.2-1.1-15.8,0-15.1,0.1c0.8,0.1,9.6-0.6,17.6,1.1c3.3,0.7,9.3,2.2,12.4,2.7\tC239.9,8.7,242.4,8.6,242.4,8.6z M185.2,8.5c1.7-0.7-13.3,4.7-18.5,6.1c-2.1,0.6-6.2,1.6-10,2c-3.9,0.4-8.9,0.4-8.8,0.5\tc0,0.2,5.8,0.8,11.2,0c5.4-0.8,5.2-1.1,7.6-1.6C170.5,14.7,183.5,9.2,185.2,8.5z M199.1,6.9c0.2,0-0.8-0.4-4.8,1.1\tc-4,1.5-6.7,3.5-6.9,3.7c-0.2,0.1,3.5-1.8,6.6-3C197,7.5,199,6.9,199.1,6.9z M283,6c-0.1,0.1-1.9,1.1-4.8,2.5s-6.9,2.8-6.7,2.7\tc0.2,0,3.5-0.6,7.4-2.5C282.8,6.8,283.1,5.9,283,6z M31.3,11.6c0.1-0.2-1.9-0.2-4.5-1.2s-5.4-1.6-7.8-2C15,7.6,7.3,8.5,7.7,8.6\tC8,8.7,15.9,8.3,20.2,9.3c2.2,0.5,2.4,0.5,5.7,1.6S31.2,11.9,31.3,11.6z M73,9.2c0.4-0.1,3.5-1.6,8.4-2.6c4.9-1.1,8.9-0.5,8.9-0.8\tc0-0.3-1-0.9-6.2-0.3S72.6,9.3,73,9.2z M71.6,6.7C71.8,6.8,75,5.4,77.3,5c2.3-0.3,1.9-0.5,1.9-0.6c0-0.1-1.1-0.2-2.7,0.2\tC74.8,5.1,71.4,6.6,71.6,6.7z M93.6,4.4c0.1,0.2,3.5,0.8,5.6,1.8c2.1,1,1.8,0.6,1.9,0.5c0.1-0.1-0.8-0.8-2.4-1.3\tC97.1,4.8,93.5,4.2,93.6,4.4z M65.4,11.1c-0.1,0.3,0.3,0.5,1.9-0.2s2.6-1.3,2.2-1.2s-0.9,0.4-2.5,0.8C65.3,10.9,65.5,10.8,65.4,11.1\tz M34.5,12.4c-0.2,0,2.1,0.8,3.3,0.9c1.2,0.1,2,0.1,2-0.2c0-0.3-0.1-0.5-1.6-0.4C36.6,12.8,34.7,12.4,34.5,12.4z M152.2,21.1\tc-0.1,0.1-2.4-0.3-7.5-0.3c-5,0-13.6-2.4-17.2-3.5c-3.6-1.1,10,3.9,16.5,4.1C150.5,21.6,152.3,21,152.2,21.1z\"\/>\n\t<path class=\"elementor-shape-fill\" d=\"M269.6,18c-0.1-0.1-4.6,0.3-7.2,0c-7.3-0.7-17-3.2-16.6-2.9c0.4,0.3,13.7,3.1,17,3.3\tC267.7,18.8,269.7,18,269.6,18z\"\/>\n\t<path class=\"elementor-shape-fill\" d=\"M227.4,9.8c-0.2-0.1-4.5-1-9.5-1.2c-5-0.2-12.7,0.6-12.3,0.5c0.3-0.1,5.9-1.8,13.3-1.2\tS227.6,9.9,227.4,9.8z\"\/>\n\t<path class=\"elementor-shape-fill\" d=\"M204.5,13.4c-0.1-0.1,2-1,3.2-1.1c1.2-0.1,2,0,2,0.3c0,0.3-0.1,0.5-1.6,0.4\tC206.4,12.9,204.6,13.5,204.5,13.4z\"\/>\n\t<path class=\"elementor-shape-fill\" d=\"M201,10.6c0-0.1-4.4,1.2-6.3,2.2c-1.9,0.9-6.2,3.1-6.1,3.1c0.1,0.1,4.2-1.6,6.3-2.6\tS201,10.7,201,10.6z\"\/>\n\t<path class=\"elementor-shape-fill\" d=\"M154.5,26.7c-0.1-0.1-4.6,0.3-7.2,0c-7.3-0.7-17-3.2-16.6-2.9c0.4,0.3,13.7,3.1,17,3.3\tC152.6,27.5,154.6,26.8,154.5,26.7z\"\/>\n\t<path class=\"elementor-shape-fill\" d=\"M41.9,19.3c0,0,1.2-0.3,2.9-0.1c1.7,0.2,5.8,0.9,8.2,0.7c4.2-0.4,7.4-2.7,7-2.6\tc-0.4,0-4.3,2.2-8.6,1.9c-1.8-0.1-5.1-0.5-6.7-0.4S41.9,19.3,41.9,19.3z\"\/>\n\t<path class=\"elementor-shape-fill\" d=\"M75.5,12.6c0.2,0.1,2-0.8,4.3-1.1c2.3-0.2,2.1-0.3,2.1-0.5c0-0.1-1.8-0.4-3.4,0\tC76.9,11.5,75.3,12.5,75.5,12.6z\"\/>\n\t<path class=\"elementor-shape-fill\" d=\"M15.6,13.2c0-0.1,4.3,0,6.7,0.5c2.4,0.5,5,1.9,5,2c0,0.1-2.7-0.8-5.1-1.4\tC19.9,13.7,15.7,13.3,15.6,13.2z\"\/>\n<\/svg>\t\t<\/div>\n\t\t\t\t\t<div class=\"elementor-container elementor-column-gap-no\">\n\t\t\t\t\t<div class=\"elementor-column elementor-col-100 elementor-top-column elementor-element elementor-element-7cbdd89\" data-id=\"7cbdd89\" data-element_type=\"column\" data-e-type=\"column\">\n\t\t\t<div class=\"elementor-widget-wrap\">\n\t\t\t\t\t\t\t<\/div>\n\t\t<\/div>\n\t\t\t\t\t<\/div>\n\t\t<\/section>\n\t\t\t\t<section class=\"elementor-section elementor-top-section elementor-element elementor-element-38b26f9 elementor-hidden-phone elementor-section-boxed elementor-section-height-default elementor-section-height-default\" data-id=\"38b26f9\" data-element_type=\"section\" data-e-type=\"section\">\n\t\t\t\t\t\t<div class=\"elementor-container elementor-column-gap-no\">\n\t\t\t\t\t<div class=\"elementor-column elementor-col-100 elementor-top-column elementor-element elementor-element-0f07ca4\" data-id=\"0f07ca4\" data-element_type=\"column\" data-e-type=\"column\" data-settings=\"{&quot;background_background&quot;:&quot;classic&quot;}\">\n\t\t\t<div class=\"elementor-widget-wrap elementor-element-populated\">\n\t\t\t\t\t\t<div class=\"elementor-element elementor-element-0585331 elementor-widget elementor-widget-heading\" data-id=\"0585331\" data-element_type=\"widget\" data-e-type=\"widget\" data-widget_type=\"heading.default\">\n\t\t\t\t<div class=\"elementor-widget-container\">\n\t\t\t\t\t<span class=\"sub-title\">TASTE OUR WINES AT<\/span><h2 class=\"elementor-heading-title elementor-size-default\">LA TRASTIENDA<\/h2>\t\t\t\t<\/div>\n\t\t\t\t<\/div>\n\t\t\t\t<div class=\"elementor-element elementor-element-0d42db1 elementor-widget elementor-widget-text-editor\" data-id=\"0d42db1\" data-element_type=\"widget\" data-e-type=\"widget\" data-widget_type=\"text-editor.default\">\n\t\t\t\t<div class=\"elementor-widget-container\">\n\t\t\t\t\t        <div class=\"elementor-text-editor elementor-clearfix\"><p><\/p><p>Welcome to our wine bar, a special place where friends can come together, taste some interesting Spanish wines, and enjoy the tasty creations of our cuisine. Come along, enjoy the atmosphere, the creativity and the good vibes!<\/p><p>La Trastienda gives you the chance to learn about the <a href=\"http:\/\/www.latrastiendajavea.es\/vinoporcopa-eng.htm\"><strong>universe of modern Spanish wines<\/strong><\/a> in an original way, together with delicious and <strong><a href=\"http:\/\/www.latrastiendajavea.es\/menu-eng.htm\">tasty tapa<\/a>s<\/strong>, our <a href=\"http:\/\/www.latrastiendajavea.es\/cartacomidas-eng.htm\"><strong>Spanish-Asian specialties<\/strong><\/a>, in a comfortable and friendly atmosphere.<\/p><p>Located at the heart of <a href=\"http:\/\/www.xabiahistorica.com\/\" target=\"_blank\" rel=\"noopener\"><strong>X\u00e0bia Hist\u00f3rica<\/strong><\/a>, the charming historical center of J\u00e1vea, <strong>La Trastienda<\/strong> is part of the outdoor commercial center, and an <a href=\"http:\/\/www.latrastiendajavea.es\/mapa-eng.htm\"><strong>easy to access location<\/strong><\/a>. Come and visit us to cool down with a nice glass of wine after you&#8217;ve finished shopping, or enjoy a night out with us.<\/p><p><\/p><\/div>\n        \t\t\t\t<\/div>\n\t\t\t\t<\/div>\n\t\t\t\t<div class=\"elementor-element elementor-element-2fcc29f elementor-align-center elementor-button-secondary elementor-widget elementor-widget-button\" data-id=\"2fcc29f\" data-element_type=\"widget\" data-e-type=\"widget\" data-widget_type=\"button.default\">\n\t\t\t\t<div class=\"elementor-widget-container\">\n\t\t\t\t\t        <div class=\"elementor-button-wrapper\">\n            <a href=\"https:\/\/www.latrastiendajavea.es\" class=\"elementor-button-link elementor-button elementor-size-md\" target=\"_blank\" role=\"button\">\n                \t\t<span class=\"elementor-button-content-wrapper\">\n\t\t\t\t\t\t<span class=\"elementor-button-icon\">\n\t\t\t\t\t\t\t\t\t<i class=\"opal-icon-map-marker-alt\" aria-hidden=\"true\"><\/i>\n\t\t\t\t\t\t\t<\/span>\n\t\t\t\t\t\t\t\t\t<span class=\"elementor-button-text\">LA TRASTIENDA<\/span>\n\t\t\t\t\t<\/span>\n\t\t            <\/a>\n        <\/div>\n        \t\t\t\t<\/div>\n\t\t\t\t<\/div>\n\t\t\t\t\t<\/div>\n\t\t<\/div>\n\t\t\t\t\t<\/div>\n\t\t<\/section>\n\t\t\t\t<section class=\"elementor-section elementor-top-section elementor-element elementor-element-6b112f3 elementor-section-full_width elementor-section-stretched elementor-hidden-desktop elementor-hidden-tablet elementor-section-height-default elementor-section-height-default\" data-id=\"6b112f3\" data-element_type=\"section\" data-e-type=\"section\" data-settings=\"{&quot;stretch_section&quot;:&quot;section-stretched&quot;}\">\n\t\t\t\t\t\t<div class=\"elementor-container elementor-column-gap-default\">\n\t\t\t\t\t<div class=\"elementor-column elementor-col-100 elementor-top-column elementor-element elementor-element-b510fb0\" data-id=\"b510fb0\" data-element_type=\"column\" data-e-type=\"column\">\n\t\t\t<div class=\"elementor-widget-wrap elementor-element-populated\">\n\t\t\t\t\t\t<div class=\"elementor-element elementor-element-10ab884 elementor-widget elementor-widget-image\" data-id=\"10ab884\" data-element_type=\"widget\" data-e-type=\"widget\" data-widget_type=\"image.default\">\n\t\t\t\t<div class=\"elementor-widget-container\">\n\t\t\t\t\t\t\t\t\t\t\t\t\t\t\t<img fetchpriority=\"high\" decoding=\"async\" width=\"2048\" height=\"1365\" src=\"https:\/\/www.vinos-delicias.com\/wp-content\/uploads\/2021\/03\/LA-TRASTIENDA-FACHADA_001B2.jpg\" class=\"attachment-full size-full wp-image-3371\" alt=\"\" srcset=\"https:\/\/www.vinos-delicias.com\/wp-content\/uploads\/2021\/03\/LA-TRASTIENDA-FACHADA_001B2.jpg 2048w, https:\/\/www.vinos-delicias.com\/wp-content\/uploads\/2021\/03\/LA-TRASTIENDA-FACHADA_001B2-300x200.jpg 300w, https:\/\/www.vinos-delicias.com\/wp-content\/uploads\/2021\/03\/LA-TRASTIENDA-FACHADA_001B2-1024x683.jpg 1024w, https:\/\/www.vinos-delicias.com\/wp-content\/uploads\/2021\/03\/LA-TRASTIENDA-FACHADA_001B2-768x512.jpg 768w, https:\/\/www.vinos-delicias.com\/wp-content\/uploads\/2021\/03\/LA-TRASTIENDA-FACHADA_001B2-1536x1024.jpg 1536w, https:\/\/www.vinos-delicias.com\/wp-content\/uploads\/2021\/03\/LA-TRASTIENDA-FACHADA_001B2-700x467.jpg 700w, https:\/\/www.vinos-delicias.com\/wp-content\/uploads\/2021\/03\/LA-TRASTIENDA-FACHADA_001B2-600x400.jpg 600w\" sizes=\"(max-width: 2048px) 100vw, 2048px\" \/>\t\t\t\t\t\t\t\t\t\t\t\t\t\t\t<\/div>\n\t\t\t\t<\/div>\n\t\t\t\t\t<\/div>\n\t\t<\/div>\n\t\t\t\t\t<\/div>\n\t\t<\/section>\n\t\t\t\t<section class=\"elementor-section elementor-top-section elementor-element elementor-element-456b2b3 elementor-section-stretched elementor-hidden-tablet elementor-hidden-desktop elementor-section-boxed elementor-section-height-default elementor-section-height-default\" data-id=\"456b2b3\" data-element_type=\"section\" data-e-type=\"section\" data-settings=\"{&quot;stretch_section&quot;:&quot;section-stretched&quot;,&quot;background_background&quot;:&quot;classic&quot;}\">\n\t\t\t\t\t\t<div class=\"elementor-container elementor-column-gap-default\">\n\t\t\t\t\t<div class=\"elementor-column elementor-col-100 elementor-top-column elementor-element elementor-element-10cafc1\" data-id=\"10cafc1\" data-element_type=\"column\" data-e-type=\"column\">\n\t\t\t<div class=\"elementor-widget-wrap elementor-element-populated\">\n\t\t\t\t\t\t<div class=\"elementor-element elementor-element-664a71a elementor-widget elementor-widget-heading\" data-id=\"664a71a\" data-element_type=\"widget\" data-e-type=\"widget\" data-widget_type=\"heading.default\">\n\t\t\t\t<div class=\"elementor-widget-container\">\n\t\t\t\t\t<span class=\"sub-title\">TASTE OUR WINES AT<\/span><h2 class=\"elementor-heading-title elementor-size-default\">LA TRASTIENDA<\/h2>\t\t\t\t<\/div>\n\t\t\t\t<\/div>\n\t\t\t\t<div class=\"elementor-element elementor-element-482345e elementor-widget elementor-widget-text-editor\" data-id=\"482345e\" data-element_type=\"widget\" data-e-type=\"widget\" data-widget_type=\"text-editor.default\">\n\t\t\t\t<div class=\"elementor-widget-container\">\n\t\t\t\t\t        <div class=\"elementor-text-editor elementor-clearfix\"><p><\/p><p>Welcome to our wine bar, a special place where friends can come together, taste some interesting Spanish wines, and enjoy the tasty creations of our cuisine. Come along, enjoy the atmosphere, the creativity and the good vibes!<\/p><p>La Trastienda gives you the chance to learn about the <a href=\"http:\/\/www.latrastiendajavea.es\/vinoporcopa-eng.htm\"><strong>universe of modern Spanish wines<\/strong><\/a> in an original way, together with delicious and <strong><a href=\"http:\/\/www.latrastiendajavea.es\/menu-eng.htm\">tasty tapa<\/a>s<\/strong>, our <a href=\"http:\/\/www.latrastiendajavea.es\/cartacomidas-eng.htm\"><strong>Spanish-Asian specialties<\/strong><\/a>, in a comfortable and friendly atmosphere.<\/p><p>Located at the heart of <a href=\"http:\/\/www.xabiahistorica.com\/\" target=\"_blank\" rel=\"noopener\"><strong>X\u00e0bia Hist\u00f3rica<\/strong><\/a>, the charming historical center of J\u00e1vea, <strong>La Trastienda<\/strong> is part of the outdoor commercial center, and an <a href=\"http:\/\/www.latrastiendajavea.es\/mapa-eng.htm\"><strong>easy to access location<\/strong><\/a>. Come and visit us to cool down with a nice glass of wine after you&#8217;ve finished shopping, or enjoy a night out with us.<\/p><p><\/p><\/div>\n        \t\t\t\t<\/div>\n\t\t\t\t<\/div>\n\t\t\t\t\t<\/div>\n\t\t<\/div>\n\t\t\t\t\t<\/div>\n\t\t<\/section>\n\t\t\t\t<\/div>\n\t\t","protected":false},"excerpt":{"rendered":"<p>TASTE OUR WINES AT LA TRASTIENDA Welcome to our wine bar, a special place where friends can come together, taste some interesting Spanish wines, and enjoy the tasty creations of our cuisine. Come along, enjoy the atmosphere, the creativity and the good vibes! La Trastienda gives you the chance to learn about the universe of &hellip; <\/p>\n<p class=\"link-more\"><a href=\"https:\/\/www.vinos-delicias.com\/en\/la-trastienda\/\" class=\"more-link\">Read More <span class=\"screen-reader-text\"> &#8220;La Trastienda&#8221;<\/span><\/a><\/p>\n","protected":false},"author":1,"featured_media":0,"parent":0,"menu_order":0,"comment_status":"closed","ping_status":"closed","template":"page-elementor.php","meta":{"inline_featured_image":false,"footnotes":""},"class_list":["post-1927","page","type-page","status-publish","hentry"],"yoast_head":"<!-- This site is optimized with the Yoast SEO plugin v26.6 - https:\/\/yoast.com\/wordpress\/plugins\/seo\/ -->\n<title>La Trastienda - Vinos y delicias<\/title>\n<meta name=\"description\" content=\"Situada en el coraz\u00f3n de X\u00e0bia Hist\u00f3rica, La Trastienda es el lugar perfecto para disfrutar de un buen vino y unas asombrosas tapas\" \/>\n<meta name=\"robots\" content=\"index, follow, max-snippet:-1, max-image-preview:large, max-video-preview:-1\" \/>\n<link rel=\"canonical\" href=\"https:\/\/www.vinos-delicias.com\/en\/la-trastienda\/\" \/>\n<meta property=\"og:locale\" content=\"en_US\" \/>\n<meta property=\"og:type\" content=\"article\" \/>\n<meta property=\"og:title\" content=\"La Trastienda - Vinos y delicias\" \/>\n<meta property=\"og:description\" content=\"Situada en el coraz\u00f3n de X\u00e0bia Hist\u00f3rica, La Trastienda es el lugar perfecto para disfrutar de un buen vino y unas asombrosas tapas\" \/>\n<meta property=\"og:url\" content=\"https:\/\/www.vinos-delicias.com\/en\/la-trastienda\/\" \/>\n<meta property=\"og:site_name\" content=\"Vinos y delicias\" \/>\n<meta property=\"article:modified_time\" content=\"2022-01-13T17:19:41+00:00\" \/>\n<meta property=\"og:image\" content=\"https:\/\/www.vinos-delicias.com\/wp-content\/uploads\/2021\/03\/LA-TRASTIENDA-FACHADA_001B2.jpg\" \/>\n<meta name=\"twitter:card\" content=\"summary_large_image\" \/>\n<meta name=\"twitter:label1\" content=\"Est. reading time\" \/>\n\t<meta name=\"twitter:data1\" content=\"3 minutes\" \/>\n<script type=\"application\/ld+json\" class=\"yoast-schema-graph\">{\"@context\":\"https:\/\/schema.org\",\"@graph\":[{\"@type\":\"WebPage\",\"@id\":\"https:\/\/www.vinos-delicias.com\/en\/la-trastienda\/\",\"url\":\"https:\/\/www.vinos-delicias.com\/en\/la-trastienda\/\",\"name\":\"La Trastienda - Vinos y delicias\",\"isPartOf\":{\"@id\":\"https:\/\/www.vinos-delicias.com\/en\/#website\"},\"primaryImageOfPage\":{\"@id\":\"https:\/\/www.vinos-delicias.com\/en\/la-trastienda\/#primaryimage\"},\"image\":{\"@id\":\"https:\/\/www.vinos-delicias.com\/la-trastienda\/#primaryimage\"},\"thumbnailUrl\":\"https:\/\/www.vinos-delicias.com\/wp-content\/uploads\/2021\/03\/LA-TRASTIENDA-FACHADA_001B2.jpg\",\"datePublished\":\"2020-10-23T00:18:07+00:00\",\"dateModified\":\"2022-01-13T17:19:41+00:00\",\"description\":\"Situada en el coraz\u00f3n de X\u00e0bia Hist\u00f3rica, La Trastienda es el lugar perfecto para disfrutar de un buen vino y unas asombrosas tapas\",\"breadcrumb\":{\"@id\":\"https:\/\/www.vinos-delicias.com\/en\/la-trastienda\/#breadcrumb\"},\"inLanguage\":\"en-US\",\"potentialAction\":[{\"@type\":\"ReadAction\",\"target\":[[\"https:\/\/www.vinos-delicias.com\/en\/la-trastienda\/\"]]}]},{\"@type\":\"ImageObject\",\"inLanguage\":\"en-US\",\"@id\":\"https:\/\/www.vinos-delicias.com\/en\/la-trastienda\/#primaryimage\",\"url\":\"https:\/\/www.vinos-delicias.com\/wp-content\/uploads\/2021\/03\/LA-TRASTIENDA-FACHADA_001B2.jpg\",\"contentUrl\":\"https:\/\/www.vinos-delicias.com\/wp-content\/uploads\/2021\/03\/LA-TRASTIENDA-FACHADA_001B2.jpg\"},{\"@type\":\"BreadcrumbList\",\"@id\":\"https:\/\/www.vinos-delicias.com\/en\/la-trastienda\/#breadcrumb\",\"itemListElement\":[{\"@type\":\"ListItem\",\"position\":1,\"name\":\"Home\",\"item\":\"https:\/\/www.vinos-delicias.com\/en\/\"},{\"@type\":\"ListItem\",\"position\":2,\"name\":\"La Trastienda\"}]},{\"@type\":\"WebSite\",\"@id\":\"https:\/\/www.vinos-delicias.com\/en\/#website\",\"url\":\"https:\/\/www.vinos-delicias.com\/en\/\",\"name\":\"Vinos y delicias\",\"description\":\"Distribuci\u00f3n de bebidas\",\"potentialAction\":[{\"@type\":\"SearchAction\",\"target\":{\"@type\":\"EntryPoint\",\"urlTemplate\":\"https:\/\/www.vinos-delicias.com\/en\/?s={search_term_string}\"},\"query-input\":{\"@type\":\"PropertyValueSpecification\",\"valueRequired\":true,\"valueName\":\"search_term_string\"}}],\"inLanguage\":\"en-US\"}]}<\/script>\n<!-- \/ Yoast SEO plugin. -->","yoast_head_json":{"title":"La Trastienda - Vinos y delicias","description":"Situada en el coraz\u00f3n de X\u00e0bia Hist\u00f3rica, La Trastienda es el lugar perfecto para disfrutar de un buen vino y unas asombrosas tapas","robots":{"index":"index","follow":"follow","max-snippet":"max-snippet:-1","max-image-preview":"max-image-preview:large","max-video-preview":"max-video-preview:-1"},"canonical":"https:\/\/www.vinos-delicias.com\/en\/la-trastienda\/","og_locale":"en_US","og_type":"article","og_title":"La Trastienda - Vinos y delicias","og_description":"Situada en el coraz\u00f3n de X\u00e0bia Hist\u00f3rica, La Trastienda es el lugar perfecto para disfrutar de un buen vino y unas asombrosas tapas","og_url":"https:\/\/www.vinos-delicias.com\/en\/la-trastienda\/","og_site_name":"Vinos y delicias","article_modified_time":"2022-01-13T17:19:41+00:00","og_image":[{"url":"https:\/\/www.vinos-delicias.com\/wp-content\/uploads\/2021\/03\/LA-TRASTIENDA-FACHADA_001B2.jpg","type":"","width":"","height":""}],"twitter_card":"summary_large_image","twitter_misc":{"Est. reading time":"3 minutes"},"schema":{"@context":"https:\/\/schema.org","@graph":[{"@type":"WebPage","@id":"https:\/\/www.vinos-delicias.com\/en\/la-trastienda\/","url":"https:\/\/www.vinos-delicias.com\/en\/la-trastienda\/","name":"La Trastienda - Vinos y delicias","isPartOf":{"@id":"https:\/\/www.vinos-delicias.com\/en\/#website"},"primaryImageOfPage":{"@id":"https:\/\/www.vinos-delicias.com\/en\/la-trastienda\/#primaryimage"},"image":{"@id":"https:\/\/www.vinos-delicias.com\/la-trastienda\/#primaryimage"},"thumbnailUrl":"https:\/\/www.vinos-delicias.com\/wp-content\/uploads\/2021\/03\/LA-TRASTIENDA-FACHADA_001B2.jpg","datePublished":"2020-10-23T00:18:07+00:00","dateModified":"2022-01-13T17:19:41+00:00","description":"Situada en el coraz\u00f3n de X\u00e0bia Hist\u00f3rica, La Trastienda es el lugar perfecto para disfrutar de un buen vino y unas asombrosas tapas","breadcrumb":{"@id":"https:\/\/www.vinos-delicias.com\/en\/la-trastienda\/#breadcrumb"},"inLanguage":"en-US","potentialAction":[{"@type":"ReadAction","target":[["https:\/\/www.vinos-delicias.com\/en\/la-trastienda\/"]]}]},{"@type":"ImageObject","inLanguage":"en-US","@id":"https:\/\/www.vinos-delicias.com\/en\/la-trastienda\/#primaryimage","url":"https:\/\/www.vinos-delicias.com\/wp-content\/uploads\/2021\/03\/LA-TRASTIENDA-FACHADA_001B2.jpg","contentUrl":"https:\/\/www.vinos-delicias.com\/wp-content\/uploads\/2021\/03\/LA-TRASTIENDA-FACHADA_001B2.jpg"},{"@type":"BreadcrumbList","@id":"https:\/\/www.vinos-delicias.com\/en\/la-trastienda\/#breadcrumb","itemListElement":[{"@type":"ListItem","position":1,"name":"Home","item":"https:\/\/www.vinos-delicias.com\/en\/"},{"@type":"ListItem","position":2,"name":"La Trastienda"}]},{"@type":"WebSite","@id":"https:\/\/www.vinos-delicias.com\/en\/#website","url":"https:\/\/www.vinos-delicias.com\/en\/","name":"Vinos y delicias","description":"Distribuci\u00f3n de bebidas","potentialAction":[{"@type":"SearchAction","target":{"@type":"EntryPoint","urlTemplate":"https:\/\/www.vinos-delicias.com\/en\/?s={search_term_string}"},"query-input":{"@type":"PropertyValueSpecification","valueRequired":true,"valueName":"search_term_string"}}],"inLanguage":"en-US"}]}},"_links":{"self":[{"href":"https:\/\/www.vinos-delicias.com\/en\/wp-json\/wp\/v2\/pages\/1927","targetHints":{"allow":["GET"]}}],"collection":[{"href":"https:\/\/www.vinos-delicias.com\/en\/wp-json\/wp\/v2\/pages"}],"about":[{"href":"https:\/\/www.vinos-delicias.com\/en\/wp-json\/wp\/v2\/types\/page"}],"author":[{"embeddable":true,"href":"https:\/\/www.vinos-delicias.com\/en\/wp-json\/wp\/v2\/users\/1"}],"replies":[{"embeddable":true,"href":"https:\/\/www.vinos-delicias.com\/en\/wp-json\/wp\/v2\/comments?post=1927"}],"version-history":[{"count":70,"href":"https:\/\/www.vinos-delicias.com\/en\/wp-json\/wp\/v2\/pages\/1927\/revisions"}],"predecessor-version":[{"id":3719,"href":"https:\/\/www.vinos-delicias.com\/en\/wp-json\/wp\/v2\/pages\/1927\/revisions\/3719"}],"wp:attachment":[{"href":"https:\/\/www.vinos-delicias.com\/en\/wp-json\/wp\/v2\/media?parent=1927"}],"curies":[{"name":"wp","href":"https:\/\/api.w.org\/{rel}","templated":true}]}}