{"id":338,"date":"2019-05-23T06:20:28","date_gmt":"2019-05-23T06:20:28","guid":{"rendered":"http:\/\/source.wpopal.com\/passo-bosco\/?page_id=220"},"modified":"2020-11-04T20:23:20","modified_gmt":"2020-11-04T20:23:20","slug":"faq","status":"publish","type":"page","link":"https:\/\/www.vinos-delicias.com\/en\/faq\/","title":{"rendered":"Frequently asked questions"},"content":{"rendered":"\t\t<div data-elementor-type=\"wp-post\" data-elementor-id=\"338\" class=\"elementor elementor-338\">\n\t\t\t\t\t\t<section class=\"elementor-section elementor-top-section elementor-element elementor-element-cfc3b3e elementor-section-boxed elementor-section-height-default elementor-section-height-default\" data-id=\"cfc3b3e\" data-element_type=\"section\" data-e-type=\"section\">\n\t\t\t\t\t\t<div class=\"elementor-container elementor-column-gap-no\">\n\t\t\t\t\t<div class=\"elementor-column elementor-col-100 elementor-top-column elementor-element elementor-element-5eeb160\" data-id=\"5eeb160\" data-element_type=\"column\" data-e-type=\"column\">\n\t\t\t<div class=\"elementor-widget-wrap elementor-element-populated\">\n\t\t\t\t\t\t<div class=\"elementor-element elementor-element-8c25f70 elementor-tabs-view-horizontal elementor-widget elementor-widget-opal-tabs\" data-id=\"8c25f70\" data-element_type=\"widget\" data-e-type=\"widget\" data-widget_type=\"opal-tabs.default\">\n\t\t\t\t<div class=\"elementor-widget-container\">\n\t\t\t\t\t        <div class=\"elementor-tabs\" role=\"tablist\">\n            <div class=\"elementor-tabs-wrapper\">\n                                    <div id=\"elementor-tab-title-1461\" class=\"elementor-tab-title elementor-tab-desktop-title elementor-active elementor-repeater-item-20eca94\" data-tab=\"1\" tabindex=\"1461\" role=\"tab\" aria-controls=\"elementor-tab-content-1461\">\n\n                                                    <span class=\"elementor-tab-icon\">\n\t\t\t\t\t\t\t<i class=\"opal-icon-manager\" aria-hidden=\"true\"><\/i>\n\t\t\t\t\t\t<\/span>\n                        \n                        Answers to the most common questions                    <\/div>\n                            <\/div>\n            <div class=\"elementor-tabs-content-wrapper\">\n                                    <div id=\"elementor-tab-content-1461\" class=\"elementor-tab-content elementor-clearfix elementor-active elementor-repeater-item-20eca94\" data-tab=\"1\" role=\"tabpanel\" aria-labelledby=\"elementor-tab-title-1461\">\n                                                    \t\t<div data-elementor-type=\"section\" data-elementor-id=\"348\" class=\"elementor elementor-348\">\n\t\t\t\t\t\t<section class=\"elementor-section elementor-top-section elementor-element elementor-element-3cd1c07 elementor-section-boxed elementor-section-height-default elementor-section-height-default\" data-id=\"3cd1c07\" data-element_type=\"section\" data-e-type=\"section\">\n\t\t\t\t\t\t<div class=\"elementor-container elementor-column-gap-no\">\n\t\t\t\t\t<div class=\"elementor-column elementor-col-100 elementor-top-column elementor-element elementor-element-f30030c\" data-id=\"f30030c\" data-element_type=\"column\" data-e-type=\"column\">\n\t\t\t<div class=\"elementor-widget-wrap elementor-element-populated\">\n\t\t\t\t\t\t<div class=\"elementor-element elementor-element-642b968 elementor-widget elementor-widget-accordion\" data-id=\"642b968\" data-element_type=\"widget\" data-e-type=\"widget\" data-widget_type=\"accordion.default\">\n\t\t\t\t<div class=\"elementor-widget-container\">\n\t\t\t\t\t        <div class=\"elementor-accordion\" role=\"tablist\">\n                    <div class=\"elementor-accordion-item\">\n            <div id=\"elementor-tab-title-1051\" class=\"elementor-tab-title\" tabindex=\"1051\" data-tab=\"1\" role=\"tab\" aria-controls=\"elementor-tab-content-1051\">\n                        <span class=\"elementor-accordion-icon\" aria-hidden=\"true\">\n\t\t\t\t\t\t\t<i class=\"elementor-accordion-icon-closed fa fa-plus\"><\/i>\n\t\t\t\t\t\t\t<i class=\"elementor-accordion-icon-opened fa fa-minus\"><\/i>\n\t\t\t\t\t\t<\/span>\n                    What payment methods can I use?            <\/div>\n            <div id=\"elementor-tab-content-1051\" class=\"elementor-tab-content elementor-clearfix\" data-tab=\"1\" role=\"tabpanel\" aria-labelledby=\"elementor-tab-title-1051\"><p>There are three payment methods:<\/p><ul><li>Using a credit or debit card.<\/li><li>Using your mobile with BIZUM<\/li><li>Using PayPal<\/li><li>Using a wire transfer.<\/li><\/ul><\/div>\n            <\/div>\n                    <div class=\"elementor-accordion-item\">\n            <div id=\"elementor-tab-title-1052\" class=\"elementor-tab-title\" tabindex=\"1052\" data-tab=\"2\" role=\"tab\" aria-controls=\"elementor-tab-content-1052\">\n                        <span class=\"elementor-accordion-icon\" aria-hidden=\"true\">\n\t\t\t\t\t\t\t<i class=\"elementor-accordion-icon-closed fa fa-plus\"><\/i>\n\t\t\t\t\t\t\t<i class=\"elementor-accordion-icon-opened fa fa-minus\"><\/i>\n\t\t\t\t\t\t<\/span>\n                    Is the wine bought by the bottle or by the case?            <\/div>\n            <div id=\"elementor-tab-content-1052\" class=\"elementor-tab-content elementor-clearfix\" data-tab=\"2\" role=\"tabpanel\" aria-labelledby=\"elementor-tab-title-1052\"><p>Wine is purchased by single bottles, taking into account that it is easier for them to be multiples of 6, due to the packaging issue.<\/p><\/div>\n            <\/div>\n                    <div class=\"elementor-accordion-item\">\n            <div id=\"elementor-tab-title-1053\" class=\"elementor-tab-title\" tabindex=\"1053\" data-tab=\"3\" role=\"tab\" aria-controls=\"elementor-tab-content-1053\">\n                        <span class=\"elementor-accordion-icon\" aria-hidden=\"true\">\n\t\t\t\t\t\t\t<i class=\"elementor-accordion-icon-closed fa fa-plus\"><\/i>\n\t\t\t\t\t\t\t<i class=\"elementor-accordion-icon-opened fa fa-minus\"><\/i>\n\t\t\t\t\t\t<\/span>\n                    Do the prices include VAT?            <\/div>\n            <div id=\"elementor-tab-content-1053\" class=\"elementor-tab-content elementor-clearfix\" data-tab=\"3\" role=\"tabpanel\" aria-labelledby=\"elementor-tab-title-1053\"><p>Yes. All prices include VAT. Prices are always shown with VAT included, both for products and shipping.<\/p><\/div>\n            <\/div>\n                    <div class=\"elementor-accordion-item\">\n            <div id=\"elementor-tab-title-1054\" class=\"elementor-tab-title\" tabindex=\"1054\" data-tab=\"4\" role=\"tab\" aria-controls=\"elementor-tab-content-1054\">\n                        <span class=\"elementor-accordion-icon\" aria-hidden=\"true\">\n\t\t\t\t\t\t\t<i class=\"elementor-accordion-icon-closed fa fa-plus\"><\/i>\n\t\t\t\t\t\t\t<i class=\"elementor-accordion-icon-opened fa fa-minus\"><\/i>\n\t\t\t\t\t\t<\/span>\n                    How long will it take for my order to arrive?            <\/div>\n            <div id=\"elementor-tab-content-1054\" class=\"elementor-tab-content elementor-clearfix\" data-tab=\"4\" role=\"tabpanel\" aria-labelledby=\"elementor-tab-title-1054\"><p>Orders will be sent within 24-48 hours after receipt of payment through the company TIP-SA. The customer will be able to check the status of their order with a tracking number provided by TIP-SA.<\/p><\/div>\n            <\/div>\n                    <div class=\"elementor-accordion-item\">\n            <div id=\"elementor-tab-title-1055\" class=\"elementor-tab-title\" tabindex=\"1055\" data-tab=\"5\" role=\"tab\" aria-controls=\"elementor-tab-content-1055\">\n                        <span class=\"elementor-accordion-icon\" aria-hidden=\"true\">\n\t\t\t\t\t\t\t<i class=\"elementor-accordion-icon-closed fa fa-plus\"><\/i>\n\t\t\t\t\t\t\t<i class=\"elementor-accordion-icon-opened fa fa-minus\"><\/i>\n\t\t\t\t\t\t<\/span>\n                    What happens if a bottle breaks on the way?            <\/div>\n            <div id=\"elementor-tab-content-1055\" class=\"elementor-tab-content elementor-clearfix\" data-tab=\"5\" role=\"tabpanel\" aria-labelledby=\"elementor-tab-title-1055\">If when you receive the order you detect a damp box or suspect that a breakage may have occurred, do not accept the order, and contact us so that we can manage the incident.<\/div>\n            <\/div>\n                <\/div>\n        \t\t\t\t<\/div>\n\t\t\t\t<\/div>\n\t\t\t\t\t<\/div>\n\t\t<\/div>\n\t\t\t\t\t<\/div>\n\t\t<\/section>\n\t\t\t\t<\/div>\n\t\t                                            <\/div>\n                            <\/div>\n        <\/div>\n        \t\t\t\t<\/div>\n\t\t\t\t<\/div>\n\t\t\t\t\t<\/div>\n\t\t<\/div>\n\t\t\t\t\t<\/div>\n\t\t<\/section>\n\t\t\t\t<section class=\"elementor-section elementor-top-section elementor-element elementor-element-0d8da76 elementor-section-boxed elementor-section-height-default elementor-section-height-default\" data-id=\"0d8da76\" data-element_type=\"section\" data-e-type=\"section\">\n\t\t\t\t\t\t<div class=\"elementor-container elementor-column-gap-default\">\n\t\t\t\t\t<div class=\"elementor-column elementor-col-100 elementor-top-column elementor-element elementor-element-ca0e820\" data-id=\"ca0e820\" data-element_type=\"column\" data-e-type=\"column\">\n\t\t\t<div class=\"elementor-widget-wrap\">\n\t\t\t\t\t\t\t<\/div>\n\t\t<\/div>\n\t\t\t\t\t<\/div>\n\t\t<\/section>\n\t\t\t\t<\/div>\n\t\t","protected":false},"excerpt":{"rendered":"<p>Answers to the most common questions \u00bfDe qu\u00e9 m\u00e9todos de pago dispongo? Existen tres modalidades de pago: Con tarjeta de cr\u00e9dito. Mediante PayPal Mediante transferencia bancaria. \u00bfEl vino se compra por botellas o por cajas? El vino se adquiere por botellas sueltas, teniendo en cuenta que es m\u00e1s sencillo que sean m\u00faltiplos de 6, por &hellip; <\/p>\n<p class=\"link-more\"><a href=\"https:\/\/www.vinos-delicias.com\/en\/faq\/\" class=\"more-link\">Read More <span class=\"screen-reader-text\"> &#8220;Frequently asked questions&#8221;<\/span><\/a><\/p>\n","protected":false},"author":1,"featured_media":0,"parent":0,"menu_order":0,"comment_status":"closed","ping_status":"closed","template":"page-elementor.php","meta":{"inline_featured_image":false,"footnotes":""},"class_list":["post-338","page","type-page","status-publish","hentry"],"yoast_head":"<!-- This site is optimized with the Yoast SEO plugin v26.6 - https:\/\/yoast.com\/wordpress\/plugins\/seo\/ -->\n<title>Frequently asked questions - Vinos y delicias<\/title>\n<meta name=\"description\" content=\"Consulta las preguntas frecuentes sobre nuestra tienda online: formas de pago, entrega de tus pedidos, problemas con los env\u00edos...\" \/>\n<meta name=\"robots\" content=\"index, follow, max-snippet:-1, max-image-preview:large, max-video-preview:-1\" \/>\n<link rel=\"canonical\" href=\"https:\/\/www.vinos-delicias.com\/en\/faq\/\" \/>\n<meta property=\"og:locale\" content=\"en_US\" \/>\n<meta property=\"og:type\" content=\"article\" \/>\n<meta property=\"og:title\" content=\"Frequently asked questions - Vinos y delicias\" \/>\n<meta property=\"og:description\" content=\"Consulta las preguntas frecuentes sobre nuestra tienda online: formas de pago, entrega de tus pedidos, problemas con los env\u00edos...\" \/>\n<meta property=\"og:url\" content=\"https:\/\/www.vinos-delicias.com\/en\/faq\/\" \/>\n<meta property=\"og:site_name\" content=\"Vinos y delicias\" \/>\n<meta property=\"article:modified_time\" content=\"2020-11-04T20:23:20+00:00\" \/>\n<meta name=\"twitter:card\" content=\"summary_large_image\" \/>\n<meta name=\"twitter:label1\" content=\"Est. reading time\" \/>\n\t<meta name=\"twitter:data1\" content=\"2 minutes\" \/>\n<script type=\"application\/ld+json\" class=\"yoast-schema-graph\">{\"@context\":\"https:\/\/schema.org\",\"@graph\":[{\"@type\":\"WebPage\",\"@id\":\"https:\/\/www.vinos-delicias.com\/en\/faq\/\",\"url\":\"https:\/\/www.vinos-delicias.com\/en\/faq\/\",\"name\":\"Frequently asked questions - Vinos y delicias\",\"isPartOf\":{\"@id\":\"https:\/\/www.vinos-delicias.com\/en\/#website\"},\"datePublished\":\"2019-05-23T06:20:28+00:00\",\"dateModified\":\"2020-11-04T20:23:20+00:00\",\"description\":\"Consulta las preguntas frecuentes sobre nuestra tienda online: formas de pago, entrega de tus pedidos, problemas con los env\u00edos...\",\"breadcrumb\":{\"@id\":\"https:\/\/www.vinos-delicias.com\/en\/faq\/#breadcrumb\"},\"inLanguage\":\"en-US\",\"potentialAction\":[{\"@type\":\"ReadAction\",\"target\":[[\"https:\/\/www.vinos-delicias.com\/en\/faq\/\"]]}]},{\"@type\":\"BreadcrumbList\",\"@id\":\"https:\/\/www.vinos-delicias.com\/en\/faq\/#breadcrumb\",\"itemListElement\":[{\"@type\":\"ListItem\",\"position\":1,\"name\":\"Home\",\"item\":\"https:\/\/www.vinos-delicias.com\/en\/\"},{\"@type\":\"ListItem\",\"position\":2,\"name\":\"Preguntas frecuentes\"}]},{\"@type\":\"WebSite\",\"@id\":\"https:\/\/www.vinos-delicias.com\/en\/#website\",\"url\":\"https:\/\/www.vinos-delicias.com\/en\/\",\"name\":\"Vinos y delicias\",\"description\":\"Distribuci\u00f3n de bebidas\",\"potentialAction\":[{\"@type\":\"SearchAction\",\"target\":{\"@type\":\"EntryPoint\",\"urlTemplate\":\"https:\/\/www.vinos-delicias.com\/en\/?s={search_term_string}\"},\"query-input\":{\"@type\":\"PropertyValueSpecification\",\"valueRequired\":true,\"valueName\":\"search_term_string\"}}],\"inLanguage\":\"en-US\"}]}<\/script>\n<!-- \/ Yoast SEO plugin. -->","yoast_head_json":{"title":"Frequently asked questions - Vinos y delicias","description":"Consulta las preguntas frecuentes sobre nuestra tienda online: formas de pago, entrega de tus pedidos, problemas con los env\u00edos...","robots":{"index":"index","follow":"follow","max-snippet":"max-snippet:-1","max-image-preview":"max-image-preview:large","max-video-preview":"max-video-preview:-1"},"canonical":"https:\/\/www.vinos-delicias.com\/en\/faq\/","og_locale":"en_US","og_type":"article","og_title":"Frequently asked questions - Vinos y delicias","og_description":"Consulta las preguntas frecuentes sobre nuestra tienda online: formas de pago, entrega de tus pedidos, problemas con los env\u00edos...","og_url":"https:\/\/www.vinos-delicias.com\/en\/faq\/","og_site_name":"Vinos y delicias","article_modified_time":"2020-11-04T20:23:20+00:00","twitter_card":"summary_large_image","twitter_misc":{"Est. reading time":"2 minutes"},"schema":{"@context":"https:\/\/schema.org","@graph":[{"@type":"WebPage","@id":"https:\/\/www.vinos-delicias.com\/en\/faq\/","url":"https:\/\/www.vinos-delicias.com\/en\/faq\/","name":"Frequently asked questions - Vinos y delicias","isPartOf":{"@id":"https:\/\/www.vinos-delicias.com\/en\/#website"},"datePublished":"2019-05-23T06:20:28+00:00","dateModified":"2020-11-04T20:23:20+00:00","description":"Consulta las preguntas frecuentes sobre nuestra tienda online: formas de pago, entrega de tus pedidos, problemas con los env\u00edos...","breadcrumb":{"@id":"https:\/\/www.vinos-delicias.com\/en\/faq\/#breadcrumb"},"inLanguage":"en-US","potentialAction":[{"@type":"ReadAction","target":[["https:\/\/www.vinos-delicias.com\/en\/faq\/"]]}]},{"@type":"BreadcrumbList","@id":"https:\/\/www.vinos-delicias.com\/en\/faq\/#breadcrumb","itemListElement":[{"@type":"ListItem","position":1,"name":"Home","item":"https:\/\/www.vinos-delicias.com\/en\/"},{"@type":"ListItem","position":2,"name":"Preguntas frecuentes"}]},{"@type":"WebSite","@id":"https:\/\/www.vinos-delicias.com\/en\/#website","url":"https:\/\/www.vinos-delicias.com\/en\/","name":"Vinos y delicias","description":"Distribuci\u00f3n de bebidas","potentialAction":[{"@type":"SearchAction","target":{"@type":"EntryPoint","urlTemplate":"https:\/\/www.vinos-delicias.com\/en\/?s={search_term_string}"},"query-input":{"@type":"PropertyValueSpecification","valueRequired":true,"valueName":"search_term_string"}}],"inLanguage":"en-US"}]}},"_links":{"self":[{"href":"https:\/\/www.vinos-delicias.com\/en\/wp-json\/wp\/v2\/pages\/338","targetHints":{"allow":["GET"]}}],"collection":[{"href":"https:\/\/www.vinos-delicias.com\/en\/wp-json\/wp\/v2\/pages"}],"about":[{"href":"https:\/\/www.vinos-delicias.com\/en\/wp-json\/wp\/v2\/types\/page"}],"author":[{"embeddable":true,"href":"https:\/\/www.vinos-delicias.com\/en\/wp-json\/wp\/v2\/users\/1"}],"replies":[{"embeddable":true,"href":"https:\/\/www.vinos-delicias.com\/en\/wp-json\/wp\/v2\/comments?post=338"}],"version-history":[{"count":8,"href":"https:\/\/www.vinos-delicias.com\/en\/wp-json\/wp\/v2\/pages\/338\/revisions"}],"predecessor-version":[{"id":2425,"href":"https:\/\/www.vinos-delicias.com\/en\/wp-json\/wp\/v2\/pages\/338\/revisions\/2425"}],"wp:attachment":[{"href":"https:\/\/www.vinos-delicias.com\/en\/wp-json\/wp\/v2\/media?parent=338"}],"curies":[{"name":"wp","href":"https:\/\/api.w.org\/{rel}","templated":true}]}}