{"id":550,"date":"2019-05-23T09:23:37","date_gmt":"2019-05-23T09:23:37","guid":{"rendered":"http:\/\/source.wpopal.com\/passo-bosco\/?page_id=550"},"modified":"2021-03-22T22:39:20","modified_gmt":"2021-03-22T22:39:20","slug":"sobre-nosotros","status":"publish","type":"page","link":"https:\/\/www.vinos-delicias.com\/en\/sobre-nosotros\/","title":{"rendered":"About us"},"content":{"rendered":"\t\t<div data-elementor-type=\"wp-post\" data-elementor-id=\"550\" class=\"elementor elementor-550\">\n\t\t\t\t\t\t<section class=\"elementor-section elementor-top-section elementor-element elementor-element-96bb119 elementor-section-stretched elementor-section-height-min-height elementor-section-items-stretch elementor-section-boxed elementor-section-height-default\" data-id=\"96bb119\" data-element_type=\"section\" data-e-type=\"section\" data-settings=\"{&quot;stretch_section&quot;:&quot;section-stretched&quot;,&quot;background_background&quot;:&quot;classic&quot;}\">\n\t\t\t\t\t\t<div class=\"elementor-container elementor-column-gap-no\">\n\t\t\t\t\t<div class=\"elementor-column elementor-col-50 elementor-top-column elementor-element elementor-element-771ae10\" data-id=\"771ae10\" data-element_type=\"column\" data-e-type=\"column\">\n\t\t\t<div class=\"elementor-widget-wrap elementor-element-populated\">\n\t\t\t\t\t\t<div class=\"elementor-element elementor-element-a84f3ac gallery-spacing-custom elementor-widget__width-initial elementor-widget-mobile__width-initial elementor-absolute animated-fast elementor-invisible elementor-widget elementor-widget-image-gallery\" data-id=\"a84f3ac\" data-element_type=\"widget\" data-e-type=\"widget\" data-settings=\"{&quot;_position&quot;:&quot;absolute&quot;,&quot;_animation&quot;:&quot;opal-move-up&quot;}\" data-widget_type=\"image-gallery.default\">\n\t\t\t\t<div class=\"elementor-widget-container\">\n\t\t\t\t\t\t\t<div class=\"elementor-image-gallery\">\n\t\t\t<div id='gallery-1' class='gallery galleryid-550 gallery-columns-2 gallery-size-full'><figure class='gallery-item'>\n\t\t\t<div class='gallery-icon portrait'>\n\t\t\t\t<a data-elementor-open-lightbox=\"no\" href='https:\/\/www.vinos-delicias.com\/wp-content\/uploads\/2020\/10\/young-woman-in-the-wine-cellar_vinos-delicias_01.jpg'><img fetchpriority=\"high\" decoding=\"async\" width=\"510\" height=\"700\" src=\"https:\/\/www.vinos-delicias.com\/wp-content\/uploads\/2020\/10\/young-woman-in-the-wine-cellar_vinos-delicias_01.jpg\" class=\"attachment-full size-full\" alt=\"\" srcset=\"https:\/\/www.vinos-delicias.com\/wp-content\/uploads\/2020\/10\/young-woman-in-the-wine-cellar_vinos-delicias_01.jpg 510w, https:\/\/www.vinos-delicias.com\/wp-content\/uploads\/2020\/10\/young-woman-in-the-wine-cellar_vinos-delicias_01-300x412.jpg 300w, https:\/\/www.vinos-delicias.com\/wp-content\/uploads\/2020\/10\/young-woman-in-the-wine-cellar_vinos-delicias_01-219x300.jpg 219w\" sizes=\"(max-width: 510px) 100vw, 510px\" \/><\/a>\n\t\t\t<\/div><\/figure><figure class='gallery-item'>\n\t\t\t<div class='gallery-icon portrait'>\n\t\t\t\t<a data-elementor-open-lightbox=\"no\" href='https:\/\/www.vinos-delicias.com\/wp-content\/uploads\/2019\/05\/image2_h1.jpg'><img decoding=\"async\" width=\"510\" height=\"700\" src=\"https:\/\/www.vinos-delicias.com\/wp-content\/uploads\/2019\/05\/image2_h1.jpg\" class=\"attachment-full size-full\" alt=\"\" srcset=\"https:\/\/www.vinos-delicias.com\/wp-content\/uploads\/2019\/05\/image2_h1.jpg 510w, https:\/\/www.vinos-delicias.com\/wp-content\/uploads\/2019\/05\/image2_h1-300x412.jpg 300w, https:\/\/www.vinos-delicias.com\/wp-content\/uploads\/2019\/05\/image2_h1-219x300.jpg 219w\" sizes=\"(max-width: 510px) 100vw, 510px\" \/><\/a>\n\t\t\t<\/div><\/figure>\n\t\t<\/div>\n\t\t<\/div>\n\t\t\t\t\t\t<\/div>\n\t\t\t\t<\/div>\n\t\t\t\t\t<\/div>\n\t\t<\/div>\n\t\t\t\t<div class=\"elementor-column elementor-col-50 elementor-top-column elementor-element elementor-element-b199fb7\" data-id=\"b199fb7\" data-element_type=\"column\" data-e-type=\"column\">\n\t\t\t<div class=\"elementor-widget-wrap elementor-element-populated\">\n\t\t\t\t\t\t<div class=\"elementor-element elementor-element-a4206a5 animated-fast elementor-invisible elementor-widget elementor-widget-heading\" data-id=\"a4206a5\" data-element_type=\"widget\" data-e-type=\"widget\" data-settings=\"{&quot;_animation&quot;:&quot;opal-move-up&quot;}\" data-widget_type=\"heading.default\">\n\t\t\t\t<div class=\"elementor-widget-container\">\n\t\t\t\t\t<span class=\"sub-title\">about us<\/span><h2 class=\"elementor-heading-title elementor-size-default\">VINOS & DELICIAS<\/h2>\t\t\t\t<\/div>\n\t\t\t\t<\/div>\n\t\t\t\t<div class=\"elementor-element elementor-element-af9fe09 animated-fast elementor-invisible elementor-widget elementor-widget-text-editor\" data-id=\"af9fe09\" data-element_type=\"widget\" data-e-type=\"widget\" data-settings=\"{&quot;_animation&quot;:&quot;opal-move-up&quot;}\" data-widget_type=\"text-editor.default\">\n\t\t\t\t<div class=\"elementor-widget-container\">\n\t\t\t\t\t        <div class=\"elementor-text-editor elementor-clearfix\"><p>We are a leading company in the distribution of wines and spirits in the province of Alicante, with a consolidated experience of more than 20 years. Our oenological advice and selection of brands from the most innovative wineries are at your disposal. Our services extend to the entire scope of the European Union.<\/p><\/div>\n        \t\t\t\t<\/div>\n\t\t\t\t<\/div>\n\t\t\t\t\t<\/div>\n\t\t<\/div>\n\t\t\t\t\t<\/div>\n\t\t<\/section>\n\t\t<div class=\"parallax-layer elementor-repeater-item-6226764 f-custom\" data-parallax=\"true\" data-rate=\"-10\"><img decoding=\"async\" src=\"https:\/\/vinos-delicias.softblue.es\/wp-content\/uploads\/2019\/05\/shap1_h1.png\" title=\"\"><\/div>            <script type=\"text\/javascript\">\n                (function ($) {\n                    \"use strict\";\n\n\t\t\t\t\t\n                    $(' .elementor-repeater-item-6226764').prependTo($('.elementor-element-96bb119')).css({\n                        'z-index': 1,\n                        'left': -25 +'%',\n                        'top': 10 +'%'\n                    });\n\n\t\t\t\t\t                    if ($(window).outerWidth() > 768 ) {\n                        $('.elementor-element-96bb119').mousemove(function (e) {\n                            $(this).find('.parallax-layer[data-parallax=\"true\"]').each(function (index, element) {\n                                $(this).jsparallax($(this).data('rate'), e);\n                            });\n                        });\n                    }\n                }(jQuery));\n            <\/script>\n\t\t\t\t\t<\/div>\n\t\t","protected":false},"excerpt":{"rendered":"<p>VINOS &#038; DELICIAS We are a leading company in the distribution of wines and spirits in the province of Alicante, with a consolidated experience of more than 20 years. Our oenological advice and selection of brands from the most innovative wineries are at your disposal. Our services extend to the entire scope of the European &hellip; <\/p>\n<p class=\"link-more\"><a href=\"https:\/\/www.vinos-delicias.com\/en\/sobre-nosotros\/\" class=\"more-link\">Read More <span class=\"screen-reader-text\"> &#8220;About us&#8221;<\/span><\/a><\/p>\n","protected":false},"author":1,"featured_media":0,"parent":0,"menu_order":0,"comment_status":"closed","ping_status":"closed","template":"","meta":{"inline_featured_image":false,"footnotes":""},"class_list":["post-550","page","type-page","status-publish","hentry"],"yoast_head":"<!-- This site is optimized with the Yoast SEO plugin v26.6 - https:\/\/yoast.com\/wordpress\/plugins\/seo\/ -->\n<title>About us - Vinos y delicias<\/title>\n<meta name=\"description\" content=\"Te ofrecemos asesoramiento enol\u00f3gico y selecci\u00f3n de marcas de las bodegas m\u00e1s innovadoras a vuestra disposici\u00f3n\" \/>\n<meta name=\"robots\" content=\"index, follow, max-snippet:-1, max-image-preview:large, max-video-preview:-1\" \/>\n<link rel=\"canonical\" href=\"https:\/\/www.vinos-delicias.com\/en\/sobre-nosotros\/\" \/>\n<meta property=\"og:locale\" content=\"en_US\" \/>\n<meta property=\"og:type\" content=\"article\" \/>\n<meta property=\"og:title\" content=\"About us - Vinos y delicias\" \/>\n<meta property=\"og:description\" content=\"Te ofrecemos asesoramiento enol\u00f3gico y selecci\u00f3n de marcas de las bodegas m\u00e1s innovadoras a vuestra disposici\u00f3n\" \/>\n<meta property=\"og:url\" content=\"https:\/\/www.vinos-delicias.com\/en\/sobre-nosotros\/\" \/>\n<meta property=\"og:site_name\" content=\"Vinos y delicias\" \/>\n<meta property=\"article:modified_time\" content=\"2021-03-22T22:39:20+00:00\" \/>\n<meta property=\"og:image\" content=\"https:\/\/www.vinos-delicias.com\/wp-content\/uploads\/2020\/10\/young-woman-in-the-wine-cellar_vinos-delicias_01.jpg\" \/>\n<meta name=\"twitter:card\" content=\"summary_large_image\" \/>\n<meta name=\"twitter:label1\" content=\"Est. reading time\" \/>\n\t<meta name=\"twitter:data1\" content=\"1 minute\" \/>\n<script type=\"application\/ld+json\" class=\"yoast-schema-graph\">{\"@context\":\"https:\/\/schema.org\",\"@graph\":[{\"@type\":\"WebPage\",\"@id\":\"https:\/\/www.vinos-delicias.com\/en\/sobre-nosotros\/\",\"url\":\"https:\/\/www.vinos-delicias.com\/en\/sobre-nosotros\/\",\"name\":\"About us - Vinos y delicias\",\"isPartOf\":{\"@id\":\"https:\/\/www.vinos-delicias.com\/en\/#website\"},\"primaryImageOfPage\":{\"@id\":\"https:\/\/www.vinos-delicias.com\/en\/sobre-nosotros\/#primaryimage\"},\"image\":{\"@id\":\"https:\/\/www.vinos-delicias.com\/sobre-nosotros\/#primaryimage\"},\"thumbnailUrl\":\"https:\/\/www.vinos-delicias.com\/wp-content\/uploads\/2020\/10\/young-woman-in-the-wine-cellar_vinos-delicias_01.jpg\",\"datePublished\":\"2019-05-23T09:23:37+00:00\",\"dateModified\":\"2021-03-22T22:39:20+00:00\",\"description\":\"Te ofrecemos asesoramiento enol\u00f3gico y selecci\u00f3n de marcas de las bodegas m\u00e1s innovadoras a vuestra disposici\u00f3n\",\"breadcrumb\":{\"@id\":\"https:\/\/www.vinos-delicias.com\/en\/sobre-nosotros\/#breadcrumb\"},\"inLanguage\":\"en-US\",\"potentialAction\":[{\"@type\":\"ReadAction\",\"target\":[[\"https:\/\/www.vinos-delicias.com\/en\/sobre-nosotros\/\"]]}]},{\"@type\":\"ImageObject\",\"inLanguage\":\"en-US\",\"@id\":\"https:\/\/www.vinos-delicias.com\/en\/sobre-nosotros\/#primaryimage\",\"url\":\"https:\/\/www.vinos-delicias.com\/wp-content\/uploads\/2020\/10\/young-woman-in-the-wine-cellar_vinos-delicias_01.jpg\",\"contentUrl\":\"https:\/\/www.vinos-delicias.com\/wp-content\/uploads\/2020\/10\/young-woman-in-the-wine-cellar_vinos-delicias_01.jpg\"},{\"@type\":\"BreadcrumbList\",\"@id\":\"https:\/\/www.vinos-delicias.com\/en\/sobre-nosotros\/#breadcrumb\",\"itemListElement\":[{\"@type\":\"ListItem\",\"position\":1,\"name\":\"Home\",\"item\":\"https:\/\/www.vinos-delicias.com\/en\/\"},{\"@type\":\"ListItem\",\"position\":2,\"name\":\"Sobre nosotros\"}]},{\"@type\":\"WebSite\",\"@id\":\"https:\/\/www.vinos-delicias.com\/en\/#website\",\"url\":\"https:\/\/www.vinos-delicias.com\/en\/\",\"name\":\"Vinos y delicias\",\"description\":\"Distribuci\u00f3n de bebidas\",\"potentialAction\":[{\"@type\":\"SearchAction\",\"target\":{\"@type\":\"EntryPoint\",\"urlTemplate\":\"https:\/\/www.vinos-delicias.com\/en\/?s={search_term_string}\"},\"query-input\":{\"@type\":\"PropertyValueSpecification\",\"valueRequired\":true,\"valueName\":\"search_term_string\"}}],\"inLanguage\":\"en-US\"}]}<\/script>\n<!-- \/ Yoast SEO plugin. -->","yoast_head_json":{"title":"About us - Vinos y delicias","description":"Te ofrecemos asesoramiento enol\u00f3gico y selecci\u00f3n de marcas de las bodegas m\u00e1s innovadoras a vuestra disposici\u00f3n","robots":{"index":"index","follow":"follow","max-snippet":"max-snippet:-1","max-image-preview":"max-image-preview:large","max-video-preview":"max-video-preview:-1"},"canonical":"https:\/\/www.vinos-delicias.com\/en\/sobre-nosotros\/","og_locale":"en_US","og_type":"article","og_title":"About us - Vinos y delicias","og_description":"Te ofrecemos asesoramiento enol\u00f3gico y selecci\u00f3n de marcas de las bodegas m\u00e1s innovadoras a vuestra disposici\u00f3n","og_url":"https:\/\/www.vinos-delicias.com\/en\/sobre-nosotros\/","og_site_name":"Vinos y delicias","article_modified_time":"2021-03-22T22:39:20+00:00","og_image":[{"url":"https:\/\/www.vinos-delicias.com\/wp-content\/uploads\/2020\/10\/young-woman-in-the-wine-cellar_vinos-delicias_01.jpg","type":"","width":"","height":""}],"twitter_card":"summary_large_image","twitter_misc":{"Est. reading time":"1 minute"},"schema":{"@context":"https:\/\/schema.org","@graph":[{"@type":"WebPage","@id":"https:\/\/www.vinos-delicias.com\/en\/sobre-nosotros\/","url":"https:\/\/www.vinos-delicias.com\/en\/sobre-nosotros\/","name":"About us - Vinos y delicias","isPartOf":{"@id":"https:\/\/www.vinos-delicias.com\/en\/#website"},"primaryImageOfPage":{"@id":"https:\/\/www.vinos-delicias.com\/en\/sobre-nosotros\/#primaryimage"},"image":{"@id":"https:\/\/www.vinos-delicias.com\/sobre-nosotros\/#primaryimage"},"thumbnailUrl":"https:\/\/www.vinos-delicias.com\/wp-content\/uploads\/2020\/10\/young-woman-in-the-wine-cellar_vinos-delicias_01.jpg","datePublished":"2019-05-23T09:23:37+00:00","dateModified":"2021-03-22T22:39:20+00:00","description":"Te ofrecemos asesoramiento enol\u00f3gico y selecci\u00f3n de marcas de las bodegas m\u00e1s innovadoras a vuestra disposici\u00f3n","breadcrumb":{"@id":"https:\/\/www.vinos-delicias.com\/en\/sobre-nosotros\/#breadcrumb"},"inLanguage":"en-US","potentialAction":[{"@type":"ReadAction","target":[["https:\/\/www.vinos-delicias.com\/en\/sobre-nosotros\/"]]}]},{"@type":"ImageObject","inLanguage":"en-US","@id":"https:\/\/www.vinos-delicias.com\/en\/sobre-nosotros\/#primaryimage","url":"https:\/\/www.vinos-delicias.com\/wp-content\/uploads\/2020\/10\/young-woman-in-the-wine-cellar_vinos-delicias_01.jpg","contentUrl":"https:\/\/www.vinos-delicias.com\/wp-content\/uploads\/2020\/10\/young-woman-in-the-wine-cellar_vinos-delicias_01.jpg"},{"@type":"BreadcrumbList","@id":"https:\/\/www.vinos-delicias.com\/en\/sobre-nosotros\/#breadcrumb","itemListElement":[{"@type":"ListItem","position":1,"name":"Home","item":"https:\/\/www.vinos-delicias.com\/en\/"},{"@type":"ListItem","position":2,"name":"Sobre nosotros"}]},{"@type":"WebSite","@id":"https:\/\/www.vinos-delicias.com\/en\/#website","url":"https:\/\/www.vinos-delicias.com\/en\/","name":"Vinos y delicias","description":"Distribuci\u00f3n de bebidas","potentialAction":[{"@type":"SearchAction","target":{"@type":"EntryPoint","urlTemplate":"https:\/\/www.vinos-delicias.com\/en\/?s={search_term_string}"},"query-input":{"@type":"PropertyValueSpecification","valueRequired":true,"valueName":"search_term_string"}}],"inLanguage":"en-US"}]}},"_links":{"self":[{"href":"https:\/\/www.vinos-delicias.com\/en\/wp-json\/wp\/v2\/pages\/550","targetHints":{"allow":["GET"]}}],"collection":[{"href":"https:\/\/www.vinos-delicias.com\/en\/wp-json\/wp\/v2\/pages"}],"about":[{"href":"https:\/\/www.vinos-delicias.com\/en\/wp-json\/wp\/v2\/types\/page"}],"author":[{"embeddable":true,"href":"https:\/\/www.vinos-delicias.com\/en\/wp-json\/wp\/v2\/users\/1"}],"replies":[{"embeddable":true,"href":"https:\/\/www.vinos-delicias.com\/en\/wp-json\/wp\/v2\/comments?post=550"}],"version-history":[{"count":13,"href":"https:\/\/www.vinos-delicias.com\/en\/wp-json\/wp\/v2\/pages\/550\/revisions"}],"predecessor-version":[{"id":3367,"href":"https:\/\/www.vinos-delicias.com\/en\/wp-json\/wp\/v2\/pages\/550\/revisions\/3367"}],"wp:attachment":[{"href":"https:\/\/www.vinos-delicias.com\/en\/wp-json\/wp\/v2\/media?parent=550"}],"curies":[{"name":"wp","href":"https:\/\/api.w.org\/{rel}","templated":true}]}}