{"id":1566,"date":"2020-10-21T22:54:50","date_gmt":"2020-10-21T22:54:50","guid":{"rendered":"https:\/\/vinos-delicias.softblue.es\/producto\/camins-del-priorat\/"},"modified":"2026-01-21T11:49:16","modified_gmt":"2026-01-21T10:49:16","slug":"camins-del-priorat","status":"publish","type":"product","link":"https:\/\/www.vinos-delicias.com\/en\/producto\/camins-del-priorat\/","title":{"rendered":"CAMINS DEL PRIORAT"},"content":{"rendered":"","protected":false},"excerpt":{"rendered":"<p class=\"qtranxs-available-languages-message qtranxs-available-languages-message-en\">Sorry, this entry is only available in <a href=\"https:\/\/www.vinos-delicias.com\/es\/wp-json\/wp\/v2\/product\/1566\" class=\"qtranxs-available-language-link qtranxs-available-language-link-es\" title=\"Espa\u00f1ol\">Espa\u00f1ol<\/a>.<\/p>\n<p><span class=\"texto-vino\">Un viaje pr\u00f3ximo y lejano<\/span><br \/>\n94 Puntos J. Suckling \u2013 91 Puntos R. Parker<strong><br \/>\n<\/strong><br \/>\nVariedades: 35% Garnacha, 20% Cari\u00f1ena,<br \/>\n20% Syrah, 15% Cabernet Sauvignon, 10% Merlot.<br \/>\nCrianza: 4\u20136 meses en tinas de roble y barricas.<\/p>\n<p>Elaborado con uvas de 101 parcelas de 10 municipios.<br \/>\nEl encantador reflejo del car\u00e1cter de una comarca cruzada por antiguos caminos de arrieros.<br \/>\nTerciopelo y mineral, voluptuosidad y concentraci\u00f3n. Una fuerza que solo es posible en los vi\u00f1edos abruptos del Priorat.<br \/>\nUna belleza cercana y un aire cosmopolita y ex\u00f3tico.<\/p>\n","protected":false},"featured_media":2976,"comment_status":"closed","ping_status":"closed","template":"","meta":{"inline_featured_image":false},"product_cat":[90],"product_tag":[],"class_list":{"0":"post-1566","1":"product","2":"type-product","3":"status-publish","4":"has-post-thumbnail","6":"product_cat-priorato","8":"first","9":"instock","10":"purchasable","11":"product-type-simple"},"yoast_head":"<!-- This site is optimized with the Yoast SEO plugin v26.6 - https:\/\/yoast.com\/wordpress\/plugins\/seo\/ -->\n<title>CAMINS DEL PRIORAT - Vinos y delicias<\/title>\n<meta name=\"robots\" content=\"index, follow, max-snippet:-1, max-image-preview:large, max-video-preview:-1\" \/>\n<link rel=\"canonical\" href=\"https:\/\/www.vinos-delicias.com\/en\/producto\/camins-del-priorat\/\" \/>\n<meta property=\"og:locale\" content=\"en_US\" \/>\n<meta property=\"og:type\" content=\"article\" \/>\n<meta property=\"og:title\" content=\"CAMINS DEL PRIORAT - Vinos y delicias\" \/>\n<meta property=\"og:description\" content=\"(Espa\u00f1ol) Un viaje pr\u00f3ximo y lejano 94 Puntos J. Suckling \u2013 91 Puntos R. Parker  Variedades: 35% Garnacha, 20% Cari\u00f1ena, 20% Syrah, 15% Cabernet Sauvignon, 10% Merlot. Crianza: 4\u20136 meses en tinas de roble y barricas.  Elaborado con uvas de 101 parcelas de 10 municipios. El encantador reflejo del car\u00e1cter de una comarca cruzada por antiguos caminos de arrieros. Terciopelo y mineral, voluptuosidad y concentraci\u00f3n. Una fuerza que solo es posible en los vi\u00f1edos abruptos del Priorat. Una belleza cercana y un aire cosmopolita y ex\u00f3tico.\" \/>\n<meta property=\"og:url\" content=\"https:\/\/www.vinos-delicias.com\/en\/producto\/camins-del-priorat\/\" \/>\n<meta property=\"og:site_name\" content=\"Vinos y delicias\" \/>\n<meta property=\"article:modified_time\" content=\"2026-01-21T10:49:16+00:00\" \/>\n<meta property=\"og:image\" content=\"https:\/\/www.vinos-delicias.com\/wp-content\/uploads\/2020\/10\/camins-del-priorat.jpg\" \/>\n\t<meta property=\"og:image:width\" content=\"500\" \/>\n\t<meta property=\"og:image:height\" content=\"500\" \/>\n\t<meta property=\"og:image:type\" content=\"image\/jpeg\" \/>\n<meta name=\"twitter:card\" content=\"summary_large_image\" \/>\n<script type=\"application\/ld+json\" class=\"yoast-schema-graph\">{\"@context\":\"https:\/\/schema.org\",\"@graph\":[{\"@type\":\"WebPage\",\"@id\":\"https:\/\/www.vinos-delicias.com\/en\/producto\/camins-del-priorat\/\",\"url\":\"https:\/\/www.vinos-delicias.com\/en\/producto\/camins-del-priorat\/\",\"name\":\"CAMINS DEL PRIORAT - Vinos y delicias\",\"isPartOf\":{\"@id\":\"https:\/\/www.vinos-delicias.com\/en\/#website\"},\"primaryImageOfPage\":{\"@id\":\"https:\/\/www.vinos-delicias.com\/en\/producto\/camins-del-priorat\/#primaryimage\"},\"image\":{\"@id\":\"https:\/\/www.vinos-delicias.com\/producto\/camins-del-priorat\/#primaryimage\"},\"thumbnailUrl\":\"https:\/\/www.vinos-delicias.com\/wp-content\/uploads\/2020\/10\/camins-del-priorat.jpg\",\"datePublished\":\"2020-10-21T22:54:50+00:00\",\"dateModified\":\"2026-01-21T10:49:16+00:00\",\"breadcrumb\":{\"@id\":\"https:\/\/www.vinos-delicias.com\/en\/producto\/camins-del-priorat\/#breadcrumb\"},\"inLanguage\":\"en-US\",\"potentialAction\":[{\"@type\":\"ReadAction\",\"target\":[[\"https:\/\/www.vinos-delicias.com\/en\/producto\/camins-del-priorat\/\"]]}]},{\"@type\":\"ImageObject\",\"inLanguage\":\"en-US\",\"@id\":\"https:\/\/www.vinos-delicias.com\/en\/producto\/camins-del-priorat\/#primaryimage\",\"url\":\"https:\/\/www.vinos-delicias.com\/wp-content\/uploads\/2020\/10\/camins-del-priorat.jpg\",\"contentUrl\":\"https:\/\/www.vinos-delicias.com\/wp-content\/uploads\/2020\/10\/camins-del-priorat.jpg\",\"width\":500,\"height\":500},{\"@type\":\"BreadcrumbList\",\"@id\":\"https:\/\/www.vinos-delicias.com\/en\/producto\/camins-del-priorat\/#breadcrumb\",\"itemListElement\":[{\"@type\":\"ListItem\",\"position\":1,\"name\":\"Home\",\"item\":\"https:\/\/www.vinos-delicias.com\/en\/\"},{\"@type\":\"ListItem\",\"position\":2,\"name\":\"Tienda\",\"item\":\"https:\/\/www.vinos-delicias.com\/en\/shop\/\"},{\"@type\":\"ListItem\",\"position\":3,\"name\":\"CAMINS DEL PRIORAT\"}]},{\"@type\":\"WebSite\",\"@id\":\"https:\/\/www.vinos-delicias.com\/en\/#website\",\"url\":\"https:\/\/www.vinos-delicias.com\/en\/\",\"name\":\"Vinos y delicias\",\"description\":\"Distribuci\u00f3n de bebidas\",\"potentialAction\":[{\"@type\":\"SearchAction\",\"target\":{\"@type\":\"EntryPoint\",\"urlTemplate\":\"https:\/\/www.vinos-delicias.com\/en\/?s={search_term_string}\"},\"query-input\":{\"@type\":\"PropertyValueSpecification\",\"valueRequired\":true,\"valueName\":\"search_term_string\"}}],\"inLanguage\":\"en-US\"}]}<\/script>\n<!-- \/ Yoast SEO plugin. -->","yoast_head_json":{"title":"CAMINS DEL PRIORAT - Vinos y delicias","robots":{"index":"index","follow":"follow","max-snippet":"max-snippet:-1","max-image-preview":"max-image-preview:large","max-video-preview":"max-video-preview:-1"},"canonical":"https:\/\/www.vinos-delicias.com\/en\/producto\/camins-del-priorat\/","og_locale":"en_US","og_type":"article","og_title":"CAMINS DEL PRIORAT - Vinos y delicias","og_description":"(Espa\u00f1ol) Un viaje pr\u00f3ximo y lejano 94 Puntos J. Suckling \u2013 91 Puntos R. Parker  Variedades: 35% Garnacha, 20% Cari\u00f1ena, 20% Syrah, 15% Cabernet Sauvignon, 10% Merlot. Crianza: 4\u20136 meses en tinas de roble y barricas.  Elaborado con uvas de 101 parcelas de 10 municipios. El encantador reflejo del car\u00e1cter de una comarca cruzada por antiguos caminos de arrieros. Terciopelo y mineral, voluptuosidad y concentraci\u00f3n. Una fuerza que solo es posible en los vi\u00f1edos abruptos del Priorat. Una belleza cercana y un aire cosmopolita y ex\u00f3tico.","og_url":"https:\/\/www.vinos-delicias.com\/en\/producto\/camins-del-priorat\/","og_site_name":"Vinos y delicias","article_modified_time":"2026-01-21T10:49:16+00:00","og_image":[{"width":500,"height":500,"url":"https:\/\/www.vinos-delicias.com\/wp-content\/uploads\/2020\/10\/camins-del-priorat.jpg","type":"image\/jpeg"}],"twitter_card":"summary_large_image","schema":{"@context":"https:\/\/schema.org","@graph":[{"@type":"WebPage","@id":"https:\/\/www.vinos-delicias.com\/en\/producto\/camins-del-priorat\/","url":"https:\/\/www.vinos-delicias.com\/en\/producto\/camins-del-priorat\/","name":"CAMINS DEL PRIORAT - Vinos y delicias","isPartOf":{"@id":"https:\/\/www.vinos-delicias.com\/en\/#website"},"primaryImageOfPage":{"@id":"https:\/\/www.vinos-delicias.com\/en\/producto\/camins-del-priorat\/#primaryimage"},"image":{"@id":"https:\/\/www.vinos-delicias.com\/producto\/camins-del-priorat\/#primaryimage"},"thumbnailUrl":"https:\/\/www.vinos-delicias.com\/wp-content\/uploads\/2020\/10\/camins-del-priorat.jpg","datePublished":"2020-10-21T22:54:50+00:00","dateModified":"2026-01-21T10:49:16+00:00","breadcrumb":{"@id":"https:\/\/www.vinos-delicias.com\/en\/producto\/camins-del-priorat\/#breadcrumb"},"inLanguage":"en-US","potentialAction":[{"@type":"ReadAction","target":[["https:\/\/www.vinos-delicias.com\/en\/producto\/camins-del-priorat\/"]]}]},{"@type":"ImageObject","inLanguage":"en-US","@id":"https:\/\/www.vinos-delicias.com\/en\/producto\/camins-del-priorat\/#primaryimage","url":"https:\/\/www.vinos-delicias.com\/wp-content\/uploads\/2020\/10\/camins-del-priorat.jpg","contentUrl":"https:\/\/www.vinos-delicias.com\/wp-content\/uploads\/2020\/10\/camins-del-priorat.jpg","width":500,"height":500},{"@type":"BreadcrumbList","@id":"https:\/\/www.vinos-delicias.com\/en\/producto\/camins-del-priorat\/#breadcrumb","itemListElement":[{"@type":"ListItem","position":1,"name":"Home","item":"https:\/\/www.vinos-delicias.com\/en\/"},{"@type":"ListItem","position":2,"name":"Tienda","item":"https:\/\/www.vinos-delicias.com\/en\/shop\/"},{"@type":"ListItem","position":3,"name":"CAMINS DEL PRIORAT"}]},{"@type":"WebSite","@id":"https:\/\/www.vinos-delicias.com\/en\/#website","url":"https:\/\/www.vinos-delicias.com\/en\/","name":"Vinos y delicias","description":"Distribuci\u00f3n de bebidas","potentialAction":[{"@type":"SearchAction","target":{"@type":"EntryPoint","urlTemplate":"https:\/\/www.vinos-delicias.com\/en\/?s={search_term_string}"},"query-input":{"@type":"PropertyValueSpecification","valueRequired":true,"valueName":"search_term_string"}}],"inLanguage":"en-US"}]}},"_links":{"self":[{"href":"https:\/\/www.vinos-delicias.com\/en\/wp-json\/wp\/v2\/product\/1566","targetHints":{"allow":["GET"]}}],"collection":[{"href":"https:\/\/www.vinos-delicias.com\/en\/wp-json\/wp\/v2\/product"}],"about":[{"href":"https:\/\/www.vinos-delicias.com\/en\/wp-json\/wp\/v2\/types\/product"}],"replies":[{"embeddable":true,"href":"https:\/\/www.vinos-delicias.com\/en\/wp-json\/wp\/v2\/comments?post=1566"}],"version-history":[{"count":2,"href":"https:\/\/www.vinos-delicias.com\/en\/wp-json\/wp\/v2\/product\/1566\/revisions"}],"predecessor-version":[{"id":2977,"href":"https:\/\/www.vinos-delicias.com\/en\/wp-json\/wp\/v2\/product\/1566\/revisions\/2977"}],"wp:featuredmedia":[{"embeddable":true,"href":"https:\/\/www.vinos-delicias.com\/en\/wp-json\/wp\/v2\/media\/2976"}],"wp:attachment":[{"href":"https:\/\/www.vinos-delicias.com\/en\/wp-json\/wp\/v2\/media?parent=1566"}],"wp:term":[{"taxonomy":"product_cat","embeddable":true,"href":"https:\/\/www.vinos-delicias.com\/en\/wp-json\/wp\/v2\/product_cat?post=1566"},{"taxonomy":"product_tag","embeddable":true,"href":"https:\/\/www.vinos-delicias.com\/en\/wp-json\/wp\/v2\/product_tag?post=1566"}],"curies":[{"name":"wp","href":"https:\/\/api.w.org\/{rel}","templated":true}]}}