{"id":3939,"date":"2022-07-28T11:56:43","date_gmt":"2022-07-28T11:56:43","guid":{"rendered":"https:\/\/www.vinos-delicias.com\/?post_type=product&#038;p=3939"},"modified":"2025-04-04T10:17:56","modified_gmt":"2025-04-04T08:17:56","slug":"frontaura-rose","status":"publish","type":"product","link":"https:\/\/www.vinos-delicias.com\/en\/producto\/frontaura-rose\/","title":{"rendered":"FRONTAURA ROS\u00c9"},"content":{"rendered":"","protected":false},"excerpt":{"rendered":"<p class=\"qtranxs-available-languages-message qtranxs-available-languages-message-en\">Sorry, this entry is only available in <a href=\"https:\/\/www.vinos-delicias.com\/es\/wp-json\/wp\/v2\/product\/3939\" class=\"qtranxs-available-language-link qtranxs-available-language-link-es\" title=\"Espa\u00f1ol\">Espa\u00f1ol<\/a>.<\/p>\n<h3 class=\"subtitulo\">Vino de la tierra de Castilla y Le\u00f3n. Limited Edition.<\/h3>\n<div class=\"descripcion\">\n<p class=\"p2\">Rosado alegre, que representa la magia natural de ese sabor de un fruto reci\u00e9n cortado, fresco, que exhala un hechizo radiante. Un vino para contemplar a los que amamos, al sol, al paisaje que amamos.<\/p>\n<p>El ROS\u00c9 de la amistad, un vino fiel, tranquilo, para cualquier ocasi\u00f3n, siempre armonioso, amable, para sonre\u00edr.<\/p>\n<\/div>\n","protected":false},"featured_media":3941,"comment_status":"open","ping_status":"closed","template":"","meta":{"inline_featured_image":false},"product_cat":[73,71],"product_tag":[],"class_list":{"0":"post-3939","1":"product","2":"type-product","3":"status-publish","4":"has-post-thumbnail","6":"product_cat-tierras-de-castilla-vinos-rosados","7":"product_cat-vinos-rosados","9":"first","10":"instock","11":"shipping-taxable","12":"purchasable","13":"product-type-simple"},"yoast_head":"<!-- This site is optimized with the Yoast SEO plugin v26.6 - https:\/\/yoast.com\/wordpress\/plugins\/seo\/ -->\n<title>FRONTAURA ROS\u00c9 - Vinos y delicias<\/title>\n<meta name=\"robots\" content=\"index, follow, max-snippet:-1, max-image-preview:large, max-video-preview:-1\" \/>\n<link rel=\"canonical\" href=\"https:\/\/www.vinos-delicias.com\/en\/producto\/frontaura-rose\/\" \/>\n<meta property=\"og:locale\" content=\"en_US\" \/>\n<meta property=\"og:type\" content=\"article\" \/>\n<meta property=\"og:title\" content=\"FRONTAURA ROS\u00c9 - Vinos y delicias\" \/>\n<meta property=\"og:description\" content=\"(Espa\u00f1ol) Vino de la tierra de Castilla y Le\u00f3n. Limited Edition.  Rosado alegre, que representa la magia natural de ese sabor de un fruto reci\u00e9n cortado, fresco, que exhala un hechizo radiante. Un vino para contemplar a los que amamos, al sol, al paisaje que amamos. El ROS\u00c9 de la amistad, un vino fiel, tranquilo, para cualquier ocasi\u00f3n, siempre armonioso, amable, para sonre\u00edr.\" \/>\n<meta property=\"og:url\" content=\"https:\/\/www.vinos-delicias.com\/en\/producto\/frontaura-rose\/\" \/>\n<meta property=\"og:site_name\" content=\"Vinos y delicias\" \/>\n<meta property=\"article:modified_time\" content=\"2025-04-04T08:17:56+00:00\" \/>\n<meta property=\"og:image\" content=\"https:\/\/www.vinos-delicias.com\/wp-content\/uploads\/2022\/07\/frontaura-rose.jpg\" \/>\n\t<meta property=\"og:image:width\" content=\"605\" \/>\n\t<meta property=\"og:image:height\" content=\"800\" \/>\n\t<meta property=\"og:image:type\" content=\"image\/jpeg\" \/>\n<meta name=\"twitter:card\" content=\"summary_large_image\" \/>\n<script type=\"application\/ld+json\" class=\"yoast-schema-graph\">{\"@context\":\"https:\/\/schema.org\",\"@graph\":[{\"@type\":\"WebPage\",\"@id\":\"https:\/\/www.vinos-delicias.com\/en\/producto\/frontaura-rose\/\",\"url\":\"https:\/\/www.vinos-delicias.com\/en\/producto\/frontaura-rose\/\",\"name\":\"FRONTAURA ROS\u00c9 - Vinos y delicias\",\"isPartOf\":{\"@id\":\"https:\/\/www.vinos-delicias.com\/en\/#website\"},\"primaryImageOfPage\":{\"@id\":\"https:\/\/www.vinos-delicias.com\/en\/producto\/frontaura-rose\/#primaryimage\"},\"image\":{\"@id\":\"https:\/\/www.vinos-delicias.com\/producto\/frontaura-rose\/#primaryimage\"},\"thumbnailUrl\":\"https:\/\/www.vinos-delicias.com\/wp-content\/uploads\/2022\/07\/frontaura-rose.jpg\",\"datePublished\":\"2022-07-28T11:56:43+00:00\",\"dateModified\":\"2025-04-04T08:17:56+00:00\",\"breadcrumb\":{\"@id\":\"https:\/\/www.vinos-delicias.com\/en\/producto\/frontaura-rose\/#breadcrumb\"},\"inLanguage\":\"en-US\",\"potentialAction\":[{\"@type\":\"ReadAction\",\"target\":[[\"https:\/\/www.vinos-delicias.com\/en\/producto\/frontaura-rose\/\"]]}]},{\"@type\":\"ImageObject\",\"inLanguage\":\"en-US\",\"@id\":\"https:\/\/www.vinos-delicias.com\/en\/producto\/frontaura-rose\/#primaryimage\",\"url\":\"https:\/\/www.vinos-delicias.com\/wp-content\/uploads\/2022\/07\/frontaura-rose.jpg\",\"contentUrl\":\"https:\/\/www.vinos-delicias.com\/wp-content\/uploads\/2022\/07\/frontaura-rose.jpg\",\"width\":605,\"height\":800},{\"@type\":\"BreadcrumbList\",\"@id\":\"https:\/\/www.vinos-delicias.com\/en\/producto\/frontaura-rose\/#breadcrumb\",\"itemListElement\":[{\"@type\":\"ListItem\",\"position\":1,\"name\":\"Home\",\"item\":\"https:\/\/www.vinos-delicias.com\/en\/\"},{\"@type\":\"ListItem\",\"position\":2,\"name\":\"Tienda\",\"item\":\"https:\/\/www.vinos-delicias.com\/en\/shop\/\"},{\"@type\":\"ListItem\",\"position\":3,\"name\":\"FRONTAURA ROS\u00c9\"}]},{\"@type\":\"WebSite\",\"@id\":\"https:\/\/www.vinos-delicias.com\/en\/#website\",\"url\":\"https:\/\/www.vinos-delicias.com\/en\/\",\"name\":\"Vinos y delicias\",\"description\":\"Distribuci\u00f3n de bebidas\",\"potentialAction\":[{\"@type\":\"SearchAction\",\"target\":{\"@type\":\"EntryPoint\",\"urlTemplate\":\"https:\/\/www.vinos-delicias.com\/en\/?s={search_term_string}\"},\"query-input\":{\"@type\":\"PropertyValueSpecification\",\"valueRequired\":true,\"valueName\":\"search_term_string\"}}],\"inLanguage\":\"en-US\"}]}<\/script>\n<!-- \/ Yoast SEO plugin. -->","yoast_head_json":{"title":"FRONTAURA ROS\u00c9 - Vinos y delicias","robots":{"index":"index","follow":"follow","max-snippet":"max-snippet:-1","max-image-preview":"max-image-preview:large","max-video-preview":"max-video-preview:-1"},"canonical":"https:\/\/www.vinos-delicias.com\/en\/producto\/frontaura-rose\/","og_locale":"en_US","og_type":"article","og_title":"FRONTAURA ROS\u00c9 - Vinos y delicias","og_description":"(Espa\u00f1ol) Vino de la tierra de Castilla y Le\u00f3n. Limited Edition.  Rosado alegre, que representa la magia natural de ese sabor de un fruto reci\u00e9n cortado, fresco, que exhala un hechizo radiante. Un vino para contemplar a los que amamos, al sol, al paisaje que amamos. El ROS\u00c9 de la amistad, un vino fiel, tranquilo, para cualquier ocasi\u00f3n, siempre armonioso, amable, para sonre\u00edr.","og_url":"https:\/\/www.vinos-delicias.com\/en\/producto\/frontaura-rose\/","og_site_name":"Vinos y delicias","article_modified_time":"2025-04-04T08:17:56+00:00","og_image":[{"width":605,"height":800,"url":"https:\/\/www.vinos-delicias.com\/wp-content\/uploads\/2022\/07\/frontaura-rose.jpg","type":"image\/jpeg"}],"twitter_card":"summary_large_image","schema":{"@context":"https:\/\/schema.org","@graph":[{"@type":"WebPage","@id":"https:\/\/www.vinos-delicias.com\/en\/producto\/frontaura-rose\/","url":"https:\/\/www.vinos-delicias.com\/en\/producto\/frontaura-rose\/","name":"FRONTAURA ROS\u00c9 - Vinos y delicias","isPartOf":{"@id":"https:\/\/www.vinos-delicias.com\/en\/#website"},"primaryImageOfPage":{"@id":"https:\/\/www.vinos-delicias.com\/en\/producto\/frontaura-rose\/#primaryimage"},"image":{"@id":"https:\/\/www.vinos-delicias.com\/producto\/frontaura-rose\/#primaryimage"},"thumbnailUrl":"https:\/\/www.vinos-delicias.com\/wp-content\/uploads\/2022\/07\/frontaura-rose.jpg","datePublished":"2022-07-28T11:56:43+00:00","dateModified":"2025-04-04T08:17:56+00:00","breadcrumb":{"@id":"https:\/\/www.vinos-delicias.com\/en\/producto\/frontaura-rose\/#breadcrumb"},"inLanguage":"en-US","potentialAction":[{"@type":"ReadAction","target":[["https:\/\/www.vinos-delicias.com\/en\/producto\/frontaura-rose\/"]]}]},{"@type":"ImageObject","inLanguage":"en-US","@id":"https:\/\/www.vinos-delicias.com\/en\/producto\/frontaura-rose\/#primaryimage","url":"https:\/\/www.vinos-delicias.com\/wp-content\/uploads\/2022\/07\/frontaura-rose.jpg","contentUrl":"https:\/\/www.vinos-delicias.com\/wp-content\/uploads\/2022\/07\/frontaura-rose.jpg","width":605,"height":800},{"@type":"BreadcrumbList","@id":"https:\/\/www.vinos-delicias.com\/en\/producto\/frontaura-rose\/#breadcrumb","itemListElement":[{"@type":"ListItem","position":1,"name":"Home","item":"https:\/\/www.vinos-delicias.com\/en\/"},{"@type":"ListItem","position":2,"name":"Tienda","item":"https:\/\/www.vinos-delicias.com\/en\/shop\/"},{"@type":"ListItem","position":3,"name":"FRONTAURA ROS\u00c9"}]},{"@type":"WebSite","@id":"https:\/\/www.vinos-delicias.com\/en\/#website","url":"https:\/\/www.vinos-delicias.com\/en\/","name":"Vinos y delicias","description":"Distribuci\u00f3n de bebidas","potentialAction":[{"@type":"SearchAction","target":{"@type":"EntryPoint","urlTemplate":"https:\/\/www.vinos-delicias.com\/en\/?s={search_term_string}"},"query-input":{"@type":"PropertyValueSpecification","valueRequired":true,"valueName":"search_term_string"}}],"inLanguage":"en-US"}]}},"_links":{"self":[{"href":"https:\/\/www.vinos-delicias.com\/en\/wp-json\/wp\/v2\/product\/3939","targetHints":{"allow":["GET"]}}],"collection":[{"href":"https:\/\/www.vinos-delicias.com\/en\/wp-json\/wp\/v2\/product"}],"about":[{"href":"https:\/\/www.vinos-delicias.com\/en\/wp-json\/wp\/v2\/types\/product"}],"replies":[{"embeddable":true,"href":"https:\/\/www.vinos-delicias.com\/en\/wp-json\/wp\/v2\/comments?post=3939"}],"version-history":[{"count":1,"href":"https:\/\/www.vinos-delicias.com\/en\/wp-json\/wp\/v2\/product\/3939\/revisions"}],"predecessor-version":[{"id":3942,"href":"https:\/\/www.vinos-delicias.com\/en\/wp-json\/wp\/v2\/product\/3939\/revisions\/3942"}],"wp:featuredmedia":[{"embeddable":true,"href":"https:\/\/www.vinos-delicias.com\/en\/wp-json\/wp\/v2\/media\/3941"}],"wp:attachment":[{"href":"https:\/\/www.vinos-delicias.com\/en\/wp-json\/wp\/v2\/media?parent=3939"}],"wp:term":[{"taxonomy":"product_cat","embeddable":true,"href":"https:\/\/www.vinos-delicias.com\/en\/wp-json\/wp\/v2\/product_cat?post=3939"},{"taxonomy":"product_tag","embeddable":true,"href":"https:\/\/www.vinos-delicias.com\/en\/wp-json\/wp\/v2\/product_tag?post=3939"}],"curies":[{"name":"wp","href":"https:\/\/api.w.org\/{rel}","templated":true}]}}