{"id":5482,"date":"2026-03-25T12:53:20","date_gmt":"2026-03-25T11:53:20","guid":{"rendered":"https:\/\/www.vinos-delicias.com\/?post_type=product&#038;p=5482"},"modified":"2026-03-25T12:53:52","modified_gmt":"2026-03-25T11:53:52","slug":"maudes-crianza","status":"publish","type":"product","link":"https:\/\/www.vinos-delicias.com\/en\/producto\/maudes-crianza\/","title":{"rendered":"MAUDES CRIANZA"},"content":{"rendered":"","protected":false},"excerpt":{"rendered":"<p class=\"qtranxs-available-languages-message qtranxs-available-languages-message-en\">Sorry, this entry is only available in <a href=\"https:\/\/www.vinos-delicias.com\/es\/wp-json\/wp\/v2\/product\/5482\" class=\"qtranxs-available-language-link qtranxs-available-language-link-es\" title=\"Espa\u00f1ol\">Espa\u00f1ol<\/a>.<\/p>\n<p>Tinto\u00a0<strong>CRIANZA 2022<\/strong><\/p>\n<p>80% Tempranillo &#8211; 20% Merlot<\/p>\n<p>12 meses en barrica &#8211; ALC. 14.5\u00ba<\/p>\n<p>Color picota muy intenso. Elegante. En nariz presenta recuerdos de ciruelas negras y notas tostadas. En boca con equilibrio y persistencia. Muy buena concentraci\u00f3n. Final intenso con frutos negros.<\/p>\n<p>Se llamaba\u00a0<strong>B\u00e9tulo de Mahudes<\/strong>, conocido como Maudes&#8230; Un hombre espiritual, erudito viticultor y Abad del antiguo Monasterio de S. Pedro de Canalejas (siglo X) en Valdetrigueros. Maudes es el testimonio hist\u00f3rico de que hace m\u00e1s de diez siglos, se practicaba el cultivo de la vid y se produc\u00edan vinos en estos Pagos.<\/p>\n","protected":false},"featured_media":5483,"comment_status":"open","ping_status":"closed","template":"","meta":{"inline_featured_image":false},"product_cat":[88,78],"product_tag":[],"class_list":{"0":"post-5482","1":"product","2":"type-product","3":"status-publish","4":"has-post-thumbnail","6":"product_cat-cigales","7":"product_cat-vinos-tintos","9":"first","10":"instock","11":"shipping-taxable","12":"purchasable","13":"product-type-simple"},"yoast_head":"<!-- This site is optimized with the Yoast SEO plugin v26.6 - https:\/\/yoast.com\/wordpress\/plugins\/seo\/ -->\n<title>MAUDES CRIANZA - Vinos y delicias<\/title>\n<meta name=\"robots\" content=\"index, follow, max-snippet:-1, max-image-preview:large, max-video-preview:-1\" \/>\n<link rel=\"canonical\" href=\"https:\/\/www.vinos-delicias.com\/en\/producto\/maudes-crianza\/\" \/>\n<meta property=\"og:locale\" content=\"en_US\" \/>\n<meta property=\"og:type\" content=\"article\" \/>\n<meta property=\"og:title\" content=\"MAUDES CRIANZA - Vinos y delicias\" \/>\n<meta property=\"og:description\" content=\"(Espa\u00f1ol) Tinto\u00a0CRIANZA 2022  80% Tempranillo - 20% Merlot  12 meses en barrica - ALC. 14.5\u00ba  Color picota muy intenso. Elegante. En nariz presenta recuerdos de ciruelas negras y notas tostadas. En boca con equilibrio y persistencia. Muy buena concentraci\u00f3n. Final intenso con frutos negros.  Se llamaba\u00a0B\u00e9tulo de Mahudes, conocido como Maudes... Un hombre espiritual, erudito viticultor y Abad del antiguo Monasterio de S. Pedro de Canalejas (siglo X) en Valdetrigueros. Maudes es el testimonio hist\u00f3rico de que hace m\u00e1s de diez siglos, se practicaba el cultivo de la vid y se produc\u00edan vinos en estos Pagos.\" \/>\n<meta property=\"og:url\" content=\"https:\/\/www.vinos-delicias.com\/en\/producto\/maudes-crianza\/\" \/>\n<meta property=\"og:site_name\" content=\"Vinos y delicias\" \/>\n<meta property=\"article:modified_time\" content=\"2026-03-25T11:53:52+00:00\" \/>\n<meta property=\"og:image\" content=\"https:\/\/www.vinos-delicias.com\/wp-content\/uploads\/2026\/03\/3113618423.jpg\" \/>\n\t<meta property=\"og:image:width\" content=\"1068\" \/>\n\t<meta property=\"og:image:height\" content=\"1500\" \/>\n\t<meta property=\"og:image:type\" content=\"image\/jpeg\" \/>\n<meta name=\"twitter:card\" content=\"summary_large_image\" \/>\n<script type=\"application\/ld+json\" class=\"yoast-schema-graph\">{\"@context\":\"https:\/\/schema.org\",\"@graph\":[{\"@type\":\"WebPage\",\"@id\":\"https:\/\/www.vinos-delicias.com\/en\/producto\/maudes-crianza\/\",\"url\":\"https:\/\/www.vinos-delicias.com\/en\/producto\/maudes-crianza\/\",\"name\":\"MAUDES CRIANZA - Vinos y delicias\",\"isPartOf\":{\"@id\":\"https:\/\/www.vinos-delicias.com\/en\/#website\"},\"primaryImageOfPage\":{\"@id\":\"https:\/\/www.vinos-delicias.com\/en\/producto\/maudes-crianza\/#primaryimage\"},\"image\":{\"@id\":\"https:\/\/www.vinos-delicias.com\/producto\/maudes-crianza\/#primaryimage\"},\"thumbnailUrl\":\"https:\/\/www.vinos-delicias.com\/wp-content\/uploads\/2026\/03\/3113618423.jpg\",\"datePublished\":\"2026-03-25T11:53:20+00:00\",\"dateModified\":\"2026-03-25T11:53:52+00:00\",\"breadcrumb\":{\"@id\":\"https:\/\/www.vinos-delicias.com\/en\/producto\/maudes-crianza\/#breadcrumb\"},\"inLanguage\":\"en-US\",\"potentialAction\":[{\"@type\":\"ReadAction\",\"target\":[[\"https:\/\/www.vinos-delicias.com\/en\/producto\/maudes-crianza\/\"]]}]},{\"@type\":\"ImageObject\",\"inLanguage\":\"en-US\",\"@id\":\"https:\/\/www.vinos-delicias.com\/en\/producto\/maudes-crianza\/#primaryimage\",\"url\":\"https:\/\/www.vinos-delicias.com\/wp-content\/uploads\/2026\/03\/3113618423.jpg\",\"contentUrl\":\"https:\/\/www.vinos-delicias.com\/wp-content\/uploads\/2026\/03\/3113618423.jpg\",\"width\":1068,\"height\":1500},{\"@type\":\"BreadcrumbList\",\"@id\":\"https:\/\/www.vinos-delicias.com\/en\/producto\/maudes-crianza\/#breadcrumb\",\"itemListElement\":[{\"@type\":\"ListItem\",\"position\":1,\"name\":\"Home\",\"item\":\"https:\/\/www.vinos-delicias.com\/en\/\"},{\"@type\":\"ListItem\",\"position\":2,\"name\":\"Tienda\",\"item\":\"https:\/\/www.vinos-delicias.com\/en\/shop\/\"},{\"@type\":\"ListItem\",\"position\":3,\"name\":\"MAUDES CRIANZA\"}]},{\"@type\":\"WebSite\",\"@id\":\"https:\/\/www.vinos-delicias.com\/en\/#website\",\"url\":\"https:\/\/www.vinos-delicias.com\/en\/\",\"name\":\"Vinos y delicias\",\"description\":\"Distribuci\u00f3n de bebidas\",\"potentialAction\":[{\"@type\":\"SearchAction\",\"target\":{\"@type\":\"EntryPoint\",\"urlTemplate\":\"https:\/\/www.vinos-delicias.com\/en\/?s={search_term_string}\"},\"query-input\":{\"@type\":\"PropertyValueSpecification\",\"valueRequired\":true,\"valueName\":\"search_term_string\"}}],\"inLanguage\":\"en-US\"}]}<\/script>\n<!-- \/ Yoast SEO plugin. -->","yoast_head_json":{"title":"MAUDES CRIANZA - Vinos y delicias","robots":{"index":"index","follow":"follow","max-snippet":"max-snippet:-1","max-image-preview":"max-image-preview:large","max-video-preview":"max-video-preview:-1"},"canonical":"https:\/\/www.vinos-delicias.com\/en\/producto\/maudes-crianza\/","og_locale":"en_US","og_type":"article","og_title":"MAUDES CRIANZA - Vinos y delicias","og_description":"(Espa\u00f1ol) Tinto\u00a0CRIANZA 2022  80% Tempranillo - 20% Merlot  12 meses en barrica - ALC. 14.5\u00ba  Color picota muy intenso. Elegante. En nariz presenta recuerdos de ciruelas negras y notas tostadas. En boca con equilibrio y persistencia. Muy buena concentraci\u00f3n. Final intenso con frutos negros.  Se llamaba\u00a0B\u00e9tulo de Mahudes, conocido como Maudes... Un hombre espiritual, erudito viticultor y Abad del antiguo Monasterio de S. Pedro de Canalejas (siglo X) en Valdetrigueros. Maudes es el testimonio hist\u00f3rico de que hace m\u00e1s de diez siglos, se practicaba el cultivo de la vid y se produc\u00edan vinos en estos Pagos.","og_url":"https:\/\/www.vinos-delicias.com\/en\/producto\/maudes-crianza\/","og_site_name":"Vinos y delicias","article_modified_time":"2026-03-25T11:53:52+00:00","og_image":[{"width":1068,"height":1500,"url":"https:\/\/www.vinos-delicias.com\/wp-content\/uploads\/2026\/03\/3113618423.jpg","type":"image\/jpeg"}],"twitter_card":"summary_large_image","schema":{"@context":"https:\/\/schema.org","@graph":[{"@type":"WebPage","@id":"https:\/\/www.vinos-delicias.com\/en\/producto\/maudes-crianza\/","url":"https:\/\/www.vinos-delicias.com\/en\/producto\/maudes-crianza\/","name":"MAUDES CRIANZA - Vinos y delicias","isPartOf":{"@id":"https:\/\/www.vinos-delicias.com\/en\/#website"},"primaryImageOfPage":{"@id":"https:\/\/www.vinos-delicias.com\/en\/producto\/maudes-crianza\/#primaryimage"},"image":{"@id":"https:\/\/www.vinos-delicias.com\/producto\/maudes-crianza\/#primaryimage"},"thumbnailUrl":"https:\/\/www.vinos-delicias.com\/wp-content\/uploads\/2026\/03\/3113618423.jpg","datePublished":"2026-03-25T11:53:20+00:00","dateModified":"2026-03-25T11:53:52+00:00","breadcrumb":{"@id":"https:\/\/www.vinos-delicias.com\/en\/producto\/maudes-crianza\/#breadcrumb"},"inLanguage":"en-US","potentialAction":[{"@type":"ReadAction","target":[["https:\/\/www.vinos-delicias.com\/en\/producto\/maudes-crianza\/"]]}]},{"@type":"ImageObject","inLanguage":"en-US","@id":"https:\/\/www.vinos-delicias.com\/en\/producto\/maudes-crianza\/#primaryimage","url":"https:\/\/www.vinos-delicias.com\/wp-content\/uploads\/2026\/03\/3113618423.jpg","contentUrl":"https:\/\/www.vinos-delicias.com\/wp-content\/uploads\/2026\/03\/3113618423.jpg","width":1068,"height":1500},{"@type":"BreadcrumbList","@id":"https:\/\/www.vinos-delicias.com\/en\/producto\/maudes-crianza\/#breadcrumb","itemListElement":[{"@type":"ListItem","position":1,"name":"Home","item":"https:\/\/www.vinos-delicias.com\/en\/"},{"@type":"ListItem","position":2,"name":"Tienda","item":"https:\/\/www.vinos-delicias.com\/en\/shop\/"},{"@type":"ListItem","position":3,"name":"MAUDES CRIANZA"}]},{"@type":"WebSite","@id":"https:\/\/www.vinos-delicias.com\/en\/#website","url":"https:\/\/www.vinos-delicias.com\/en\/","name":"Vinos y delicias","description":"Distribuci\u00f3n de bebidas","potentialAction":[{"@type":"SearchAction","target":{"@type":"EntryPoint","urlTemplate":"https:\/\/www.vinos-delicias.com\/en\/?s={search_term_string}"},"query-input":{"@type":"PropertyValueSpecification","valueRequired":true,"valueName":"search_term_string"}}],"inLanguage":"en-US"}]}},"_links":{"self":[{"href":"https:\/\/www.vinos-delicias.com\/en\/wp-json\/wp\/v2\/product\/5482","targetHints":{"allow":["GET"]}}],"collection":[{"href":"https:\/\/www.vinos-delicias.com\/en\/wp-json\/wp\/v2\/product"}],"about":[{"href":"https:\/\/www.vinos-delicias.com\/en\/wp-json\/wp\/v2\/types\/product"}],"replies":[{"embeddable":true,"href":"https:\/\/www.vinos-delicias.com\/en\/wp-json\/wp\/v2\/comments?post=5482"}],"version-history":[{"count":2,"href":"https:\/\/www.vinos-delicias.com\/en\/wp-json\/wp\/v2\/product\/5482\/revisions"}],"predecessor-version":[{"id":5485,"href":"https:\/\/www.vinos-delicias.com\/en\/wp-json\/wp\/v2\/product\/5482\/revisions\/5485"}],"wp:featuredmedia":[{"embeddable":true,"href":"https:\/\/www.vinos-delicias.com\/en\/wp-json\/wp\/v2\/media\/5483"}],"wp:attachment":[{"href":"https:\/\/www.vinos-delicias.com\/en\/wp-json\/wp\/v2\/media?parent=5482"}],"wp:term":[{"taxonomy":"product_cat","embeddable":true,"href":"https:\/\/www.vinos-delicias.com\/en\/wp-json\/wp\/v2\/product_cat?post=5482"},{"taxonomy":"product_tag","embeddable":true,"href":"https:\/\/www.vinos-delicias.com\/en\/wp-json\/wp\/v2\/product_tag?post=5482"}],"curies":[{"name":"wp","href":"https:\/\/api.w.org\/{rel}","templated":true}]}}